{"id":1183,"date":"2022-01-19T12:06:38","date_gmt":"2022-01-19T11:06:38","guid":{"rendered":"https:\/\/cezalex.eu\/projekty\/"},"modified":"2024-01-31T11:30:40","modified_gmt":"2024-01-31T10:30:40","slug":"projekty","status":"publish","type":"page","link":"https:\/\/cezalex.eu\/de\/projekty\/","title":{"rendered":"Projekte"},"content":{"rendered":"\t\t<div data-elementor-type=\"wp-page\" data-elementor-id=\"1183\" class=\"elementor elementor-1183 elementor-127\" data-elementor-settings=\"[]\">\n\t\t\t\t\t\t\t<div class=\"elementor-section-wrap\">\n\t\t\t\t\t\t\t<section class=\"elementor-section elementor-top-section elementor-element elementor-element-03843c0 elementor-section-boxed elementor-section-height-default elementor-section-height-default\" data-id=\"03843c0\" data-element_type=\"section\">\n\t\t\t\t\t\t<div class=\"elementor-container elementor-column-gap-default\">\n\t\t\t\t\t<div class=\"elementor-column elementor-col-100 elementor-top-column elementor-element elementor-element-bed5e64\" data-id=\"bed5e64\" data-element_type=\"column\">\n\t\t\t<div class=\"elementor-widget-wrap elementor-element-populated\">\n\t\t\t\t\t\t\t\t<div class=\"elementor-element elementor-element-1c4da46 elementor-widget elementor-widget-image\" data-id=\"1c4da46\" data-element_type=\"widget\" data-widget_type=\"image.default\">\n\t\t\t\t<div class=\"elementor-widget-container\">\n\t\t\t<style>\/*! elementor - v3.5.3 - 28-12-2021 *\/\n.elementor-widget-image{text-align:center}.elementor-widget-image a{display:inline-block}.elementor-widget-image a img[src$=\".svg\"]{width:48px}.elementor-widget-image img{vertical-align:middle;display:inline-block}<\/style>\t\t\t\t\t\t\t\t\t\t\t\t<img decoding=\"async\" width=\"768\" height=\"93\" src=\"https:\/\/cezalex.eu\/wp-content\/uploads\/2022\/02\/Przechwytywanie-768x93.png\" class=\"attachment-medium_large size-medium_large\" alt=\"\" loading=\"lazy\" srcset=\"https:\/\/cezalex.eu\/wp-content\/uploads\/2022\/02\/Przechwytywanie-768x93.png 768w, https:\/\/cezalex.eu\/wp-content\/uploads\/2022\/02\/Przechwytywanie-300x36.png 300w, https:\/\/cezalex.eu\/wp-content\/uploads\/2022\/02\/Przechwytywanie-1024x124.png 1024w, https:\/\/cezalex.eu\/wp-content\/uploads\/2022\/02\/Przechwytywanie.png 1448w\" sizes=\"(max-width: 768px) 100vw, 768px\" \/>\t\t\t\t\t\t\t\t\t\t\t\t\t\t\t<\/div>\n\t\t\t\t<\/div>\n\t\t\t\t\t<\/div>\n\t\t<\/div>\n\t\t\t\t\t\t\t<\/div>\n\t\t<\/section>\n\t\t\t\t<section class=\"elementor-section elementor-top-section elementor-element elementor-element-2c9a892b elementor-section-boxed elementor-section-height-default elementor-section-height-default\" data-id=\"2c9a892b\" data-element_type=\"section\">\n\t\t\t\t\t\t<div class=\"elementor-container elementor-column-gap-default\">\n\t\t\t\t\t<div class=\"elementor-column elementor-col-100 elementor-top-column elementor-element elementor-element-2789fd06\" data-id=\"2789fd06\" data-element_type=\"column\">\n\t\t\t<div class=\"elementor-widget-wrap elementor-element-populated\">\n\t\t\t\t\t\t\t\t<section class=\"elementor-section elementor-inner-section elementor-element elementor-element-e0bc750 elementor-section-boxed elementor-section-height-default elementor-section-height-default\" data-id=\"e0bc750\" data-element_type=\"section\">\n\t\t\t\t\t\t<div class=\"elementor-container elementor-column-gap-default\">\n\t\t\t\t\t<div class=\"elementor-column elementor-col-50 elementor-inner-column elementor-element elementor-element-3bc5befe\" data-id=\"3bc5befe\" data-element_type=\"column\">\n\t\t\t<div class=\"elementor-widget-wrap elementor-element-populated\">\n\t\t\t\t\t\t\t\t<div class=\"elementor-element elementor-element-360aa4ad elementor-widget elementor-widget-text-editor\" data-id=\"360aa4ad\" data-element_type=\"widget\" data-widget_type=\"text-editor.default\">\n\t\t\t\t<div class=\"elementor-widget-container\">\n\t\t\t<style>\/*! elementor - v3.5.3 - 28-12-2021 *\/\n.elementor-widget-text-editor.elementor-drop-cap-view-stacked .elementor-drop-cap{background-color:#818a91;color:#fff}.elementor-widget-text-editor.elementor-drop-cap-view-framed .elementor-drop-cap{color:#818a91;border:3px solid;background-color:transparent}.elementor-widget-text-editor:not(.elementor-drop-cap-view-default) .elementor-drop-cap{margin-top:8px}.elementor-widget-text-editor:not(.elementor-drop-cap-view-default) .elementor-drop-cap-letter{width:1em;height:1em}.elementor-widget-text-editor .elementor-drop-cap{float:left;text-align:center;line-height:1;font-size:50px}.elementor-widget-text-editor .elementor-drop-cap-letter{display:inline-block}<\/style>\t\t\t\t<p><b>Projekttitel:<\/b><br \/>Przedsi\u0119biorstwo Wielobran\u017cowe CEZALEX Cezary Mierzejewski betrat die Auslandsm\u00e4rkte Deutschland und Frankreich mit einem Produkt in Form von Holzlamellen f\u00fcr die M\u00f6bel-, Bau- und Innenarchitekturindustrie.<br \/>Ziel und geplante Wirkung des Projekts:<br \/>Das Unternehmen erwartet durch die Internationalisierung:<\/p><p>1. Erschlie\u00dfung neuer Auslandsm\u00e4rkte wie Deutschland und Frankreich;<br \/>2. Steigerung der Einnahmen durch gesteigerte Exporte;<br \/>3. Gesch\u00e4ftsentwicklung dank Erfahrungen aus der internationalen Wirtschaftskooperation;<br \/>4. Einkommenssteigerung, die neue Investitionen erm\u00f6glicht.<br \/>5. Aufbau potenzieller internationaler Kontakte.<\/p><p>\u00a0<\/p><p><b>Messbare Effekte der Projektumsetzung:<\/b><br \/>&#8211; Anzahl der zur Umsetzung vorbereiteten Internationalisierungs-Gesch\u00e4ftsmodelle \u2013 1;<br \/>&#8211; Anzahl neuer M\u00e4rkte (L\u00e4nder), in denen der Antragsteller bereit ist, mit dem Verkauf von Produkten zu beginnen \u2013 2;<br \/>&#8211; Anzahl der organisierten Vertriebskan\u00e4le, die auf den Zielm\u00e4rkten implementiert werden \u2013 4<\/p>\t\t\t\t\t\t<\/div>\n\t\t\t\t<\/div>\n\t\t\t\t\t<\/div>\n\t\t<\/div>\n\t\t\t\t<div class=\"elementor-column elementor-col-50 elementor-inner-column elementor-element elementor-element-4b04ec9b\" data-id=\"4b04ec9b\" data-element_type=\"column\">\n\t\t\t<div class=\"elementor-widget-wrap elementor-element-populated\">\n\t\t\t\t\t\t\t\t<div class=\"elementor-element elementor-element-360eba9c elementor-widget elementor-widget-text-editor\" data-id=\"360eba9c\" data-element_type=\"widget\" data-widget_type=\"text-editor.default\">\n\t\t\t\t<div class=\"elementor-widget-container\">\n\t\t\t\t\t\t\t<p><span style=\"font-weight: bold;\">Projektwert:<\/span><br \/>Der Gesamtwert des Projekts betr\u00e4gt 479.718,50 PLN (in Worten: vierhundertneunundsiebzigtausendsiebenhundertachtzehn Zloty 50\/100)<\/p><p><b>Beitrag europ\u00e4ischer Mittel:<\/b><br \/>Projektkofinanzierung als De-minimis-Beihilfe \u2013 329.077,50 PLN (in Worten: dreihundertneunundzwanzigtausendsiebenundsiebzig Zloty 50\/100)<\/p><p><b>Zeitlimit f\u00fcr die Fertigstellung:<\/b><br \/>01.11.2022 &#8211; 31.12.2023<\/p>\t\t\t\t\t\t<\/div>\n\t\t\t\t<\/div>\n\t\t\t\t\t<\/div>\n\t\t<\/div>\n\t\t\t\t\t\t\t<\/div>\n\t\t<\/section>\n\t\t\t\t\t<\/div>\n\t\t<\/div>\n\t\t\t\t\t\t\t<\/div>\n\t\t<\/section>\n\t\t\t\t<section class=\"elementor-section elementor-top-section elementor-element elementor-element-e6b7255 elementor-section-boxed elementor-section-height-default elementor-section-height-default\" data-id=\"e6b7255\" data-element_type=\"section\">\n\t\t\t\t\t\t<div class=\"elementor-container elementor-column-gap-default\">\n\t\t\t\t\t<div class=\"elementor-column elementor-col-100 elementor-top-column elementor-element elementor-element-28d5a9f\" data-id=\"28d5a9f\" data-element_type=\"column\">\n\t\t\t<div class=\"elementor-widget-wrap elementor-element-populated\">\n\t\t\t\t\t\t\t\t<div class=\"elementor-element elementor-element-0d05d5e elementor-widget-divider--view-line elementor-widget elementor-widget-divider\" data-id=\"0d05d5e\" data-element_type=\"widget\" data-widget_type=\"divider.default\">\n\t\t\t\t<div class=\"elementor-widget-container\">\n\t\t\t<style>\/*! elementor - v3.5.3 - 28-12-2021 *\/\n.elementor-widget-divider{--divider-border-style:none;--divider-border-width:1px;--divider-color:#2c2c2c;--divider-icon-size:20px;--divider-element-spacing:10px;--divider-pattern-height:24px;--divider-pattern-size:20px;--divider-pattern-url:none;--divider-pattern-repeat:repeat-x}.elementor-widget-divider .elementor-divider{display:-webkit-box;display:-ms-flexbox;display:flex}.elementor-widget-divider .elementor-divider__text{font-size:15px;line-height:1;max-width:95%}.elementor-widget-divider .elementor-divider__element{margin:0 var(--divider-element-spacing);-ms-flex-negative:0;flex-shrink:0}.elementor-widget-divider .elementor-icon{font-size:var(--divider-icon-size)}.elementor-widget-divider .elementor-divider-separator{display:-webkit-box;display:-ms-flexbox;display:flex;margin:0;direction:ltr}.elementor-widget-divider--view-line_icon .elementor-divider-separator,.elementor-widget-divider--view-line_text .elementor-divider-separator{-webkit-box-align:center;-ms-flex-align:center;align-items:center}.elementor-widget-divider--view-line_icon .elementor-divider-separator:after,.elementor-widget-divider--view-line_icon .elementor-divider-separator:before,.elementor-widget-divider--view-line_text .elementor-divider-separator:after,.elementor-widget-divider--view-line_text .elementor-divider-separator:before{display:block;content:\"\";border-bottom:0;-webkit-box-flex:1;-ms-flex-positive:1;flex-grow:1;border-top:var(--divider-border-width) var(--divider-border-style) var(--divider-color)}.elementor-widget-divider--element-align-left .elementor-divider .elementor-divider-separator>.elementor-divider__svg:first-of-type{-webkit-box-flex:0;-ms-flex-positive:0;flex-grow:0;-ms-flex-negative:100;flex-shrink:100}.elementor-widget-divider--element-align-left .elementor-divider-separator:before{content:none}.elementor-widget-divider--element-align-left .elementor-divider__element{margin-left:0}.elementor-widget-divider--element-align-right .elementor-divider .elementor-divider-separator>.elementor-divider__svg:last-of-type{-webkit-box-flex:0;-ms-flex-positive:0;flex-grow:0;-ms-flex-negative:100;flex-shrink:100}.elementor-widget-divider--element-align-right .elementor-divider-separator:after{content:none}.elementor-widget-divider--element-align-right .elementor-divider__element{margin-right:0}.elementor-widget-divider:not(.elementor-widget-divider--view-line_text):not(.elementor-widget-divider--view-line_icon) .elementor-divider-separator{border-top:var(--divider-border-width) var(--divider-border-style) var(--divider-color)}.elementor-widget-divider--separator-type-pattern{--divider-border-style:none}.elementor-widget-divider--separator-type-pattern.elementor-widget-divider--view-line .elementor-divider-separator,.elementor-widget-divider--separator-type-pattern:not(.elementor-widget-divider--view-line) .elementor-divider-separator:after,.elementor-widget-divider--separator-type-pattern:not(.elementor-widget-divider--view-line) .elementor-divider-separator:before,.elementor-widget-divider--separator-type-pattern:not([class*=elementor-widget-divider--view]) .elementor-divider-separator{width:100%;min-height:var(--divider-pattern-height);-webkit-mask-size:var(--divider-pattern-size) 100%;mask-size:var(--divider-pattern-size) 100%;-webkit-mask-repeat:var(--divider-pattern-repeat);mask-repeat:var(--divider-pattern-repeat);background-color:var(--divider-color);-webkit-mask-image:var(--divider-pattern-url);mask-image:var(--divider-pattern-url)}.elementor-widget-divider--no-spacing{--divider-pattern-size:auto}.elementor-widget-divider--bg-round{--divider-pattern-repeat:round}.rtl .elementor-widget-divider .elementor-divider__text{direction:rtl}<\/style>\t\t<div class=\"elementor-divider\">\n\t\t\t<span class=\"elementor-divider-separator\">\n\t\t\t\t\t\t<\/span>\n\t\t<\/div>\n\t\t\t\t<\/div>\n\t\t\t\t<\/div>\n\t\t\t\t\t<\/div>\n\t\t<\/div>\n\t\t\t\t\t\t\t<\/div>\n\t\t<\/section>\n\t\t\t\t<section class=\"elementor-section elementor-top-section elementor-element elementor-element-1eac6bcc elementor-section-boxed elementor-section-height-default elementor-section-height-default\" data-id=\"1eac6bcc\" data-element_type=\"section\">\n\t\t\t\t\t\t<div class=\"elementor-container elementor-column-gap-default\">\n\t\t\t\t\t<div class=\"elementor-column elementor-col-100 elementor-top-column elementor-element elementor-element-31bfc5a0\" data-id=\"31bfc5a0\" data-element_type=\"column\">\n\t\t\t<div class=\"elementor-widget-wrap elementor-element-populated\">\n\t\t\t\t\t\t\t\t<div class=\"elementor-element elementor-element-5e4f9095 elementor-widget elementor-widget-text-editor\" data-id=\"5e4f9095\" data-element_type=\"widget\" data-widget_type=\"text-editor.default\">\n\t\t\t\t<div class=\"elementor-widget-container\">\n\t\t\t\t\t\t\t\t\t\t\t\t\t<\/div>\n\t\t\t\t<\/div>\n\t\t\t\t\t<\/div>\n\t\t<\/div>\n\t\t\t\t\t\t\t<\/div>\n\t\t<\/section>\n\t\t\t\t<section class=\"elementor-section elementor-top-section elementor-element elementor-element-e132aa3 elementor-section-boxed elementor-section-height-default elementor-section-height-default\" data-id=\"e132aa3\" data-element_type=\"section\">\n\t\t\t\t\t\t<div class=\"elementor-container elementor-column-gap-default\">\n\t\t\t\t\t<div class=\"elementor-column elementor-col-50 elementor-top-column elementor-element elementor-element-2e9d424\" data-id=\"2e9d424\" data-element_type=\"column\">\n\t\t\t<div class=\"elementor-widget-wrap elementor-element-populated\">\n\t\t\t\t\t\t\t\t<div class=\"elementor-element elementor-element-28a5f42 elementor-widget elementor-widget-image\" data-id=\"28a5f42\" data-element_type=\"widget\" data-widget_type=\"image.default\">\n\t\t\t\t<div class=\"elementor-widget-container\">\n\t\t\t\t\t\t\t\t\t\t\t\t\t\t\t<img decoding=\"async\" width=\"800\" height=\"530\" src=\"https:\/\/cezalex.eu\/wp-content\/uploads\/2022\/02\/AdobeStock_100121904-1024x678.jpeg\" class=\"attachment-large size-large\" alt=\"\" loading=\"lazy\" srcset=\"https:\/\/cezalex.eu\/wp-content\/uploads\/2022\/02\/AdobeStock_100121904-1024x678.jpeg 1024w, https:\/\/cezalex.eu\/wp-content\/uploads\/2022\/02\/AdobeStock_100121904-300x199.jpeg 300w, https:\/\/cezalex.eu\/wp-content\/uploads\/2022\/02\/AdobeStock_100121904-768x509.jpeg 768w, https:\/\/cezalex.eu\/wp-content\/uploads\/2022\/02\/AdobeStock_100121904-1536x1017.jpeg 1536w, https:\/\/cezalex.eu\/wp-content\/uploads\/2022\/02\/AdobeStock_100121904-2048x1356.jpeg 2048w\" sizes=\"(max-width: 800px) 100vw, 800px\" \/>\t\t\t\t\t\t\t\t\t\t\t\t\t\t\t<\/div>\n\t\t\t\t<\/div>\n\t\t\t\t\t<\/div>\n\t\t<\/div>\n\t\t\t\t<div class=\"elementor-column elementor-col-50 elementor-top-column elementor-element elementor-element-1cfa55a\" data-id=\"1cfa55a\" data-element_type=\"column\">\n\t\t\t<div class=\"elementor-widget-wrap elementor-element-populated\">\n\t\t\t\t\t\t\t\t<div class=\"elementor-element elementor-element-e440895 elementor-widget elementor-widget-text-editor\" data-id=\"e440895\" data-element_type=\"widget\" data-widget_type=\"text-editor.default\">\n\t\t\t\t<div class=\"elementor-widget-container\">\n\t\t\t\t\t\t\t<p><span style=\"color: #444444; font-family: Trebuchet MS, sans-serif;\"><span style=\"font-size: 12.6667px;\"><b>Das Unternehmen Przedsi\u0119biorstwo Wielobran\u017cowe CEZALEX Cezary Mierzejewski betrat die Auslandsm\u00e4rkte Italien und Gro\u00dfbritannien mit einem Produkt in Form von Holzsp\u00e4nen f\u00fcr die M\u00f6bel-, Bau-, Papier-, Garten-, Landwirtschafts-, Energie- und Heimtierindustrie.<\/b><\/span><\/span><\/p><p><span style=\"color: #444444; font-family: Trebuchet MS, sans-serif;\"><span style=\"font-size: 12.6667px;\"><b>\u00a0 <\/b>Ziel und geplante Wirkung des Projekts:<\/span><\/span><\/p><p><span style=\"color: #444444; font-family: Trebuchet MS, sans-serif;\"><span style=\"font-size: 12.6667px;\">Das Unternehmen erwartet durch die Internationalisierung:<\/span><\/span><\/p><p><span style=\"color: #444444; font-family: Trebuchet MS, sans-serif;\"><span style=\"font-size: 12.6667px;\">a) wird neue Auslandsm\u00e4rkte wie Gro\u00dfbritannien und Italien erobern;<\/span><\/span><\/p><p><span style=\"color: #444444; font-family: Trebuchet MS, sans-serif;\"><span style=\"font-size: 12.6667px;\">b) wird die Einnahmen bis Ende 2023 um mindestens 40 % steigern;<\/span><\/span><\/p><p><span style=\"color: #444444; font-family: Trebuchet MS, sans-serif;\"><span style=\"font-size: 12.6667px;\">c) wird seine Aktivit\u00e4ten dank neuer Erfahrungen aus der internationalen Wirtschaftszusammenarbeit weiterentwickeln;<\/span><\/span><\/p><p><span style=\"color: #444444; font-family: Trebuchet MS, sans-serif;\"><span style=\"font-size: 12.6667px;\">d) wird eine Einkommenssteigerung erzielen, die wiederum neue Investitionen in die Infrastruktur und die Weiterentwicklung des Produktions- und Dienstleistungspotenzials erm\u00f6glicht;<\/span><\/span><\/p><p><span style=\"color: #444444; font-family: Trebuchet MS, sans-serif;\"><span style=\"font-size: 12.6667px;\">e) neue internationale Kontakte kn\u00fcpfen, die eine weitere Auslandsexpansion in neue M\u00e4rkte erm\u00f6glichen<\/span><\/span><\/p>\t\t\t\t\t\t<\/div>\n\t\t\t\t<\/div>\n\t\t\t\t\t<\/div>\n\t\t<\/div>\n\t\t\t\t\t\t\t<\/div>\n\t\t<\/section>\n\t\t\t\t<section class=\"elementor-section elementor-top-section elementor-element elementor-element-1fb71da elementor-section-boxed elementor-section-height-default elementor-section-height-default\" data-id=\"1fb71da\" data-element_type=\"section\">\n\t\t\t\t\t\t<div class=\"elementor-container elementor-column-gap-default\">\n\t\t\t\t\t<div class=\"elementor-column elementor-col-100 elementor-top-column elementor-element elementor-element-24b2013\" data-id=\"24b2013\" data-element_type=\"column\">\n\t\t\t<div class=\"elementor-widget-wrap elementor-element-populated\">\n\t\t\t\t\t\t\t\t<section class=\"elementor-section elementor-inner-section elementor-element elementor-element-ed0f3da elementor-section-boxed elementor-section-height-default elementor-section-height-default\" data-id=\"ed0f3da\" data-element_type=\"section\">\n\t\t\t\t\t\t<div class=\"elementor-container elementor-column-gap-default\">\n\t\t\t\t\t<div class=\"elementor-column elementor-col-50 elementor-inner-column elementor-element elementor-element-e932664\" data-id=\"e932664\" data-element_type=\"column\">\n\t\t\t<div class=\"elementor-widget-wrap elementor-element-populated\">\n\t\t\t\t\t\t\t\t<div class=\"elementor-element elementor-element-21fc994 elementor-widget elementor-widget-text-editor\" data-id=\"21fc994\" data-element_type=\"widget\" data-widget_type=\"text-editor.default\">\n\t\t\t\t<div class=\"elementor-widget-container\">\n\t\t\t\t\t\t\t<p>Messbare Effekte der Projektumsetzung:<br \/>&#8211; Anzahl der zur Umsetzung vorbereiteten Internationalisierungs-Gesch\u00e4ftsmodelle \u2013 1;<br \/>&#8211; Anzahl neuer M\u00e4rkte (L\u00e4nder), in denen der Antragsteller bereit ist, mit dem Verkauf von Produkten zu beginnen \u2013 2;<br \/>&#8211; Anzahl der organisierten Gesch\u00e4ftsprozess-Servicekan\u00e4le, die auf den Zielm\u00e4rkten implementiert werden \u2013 5.<\/p>\t\t\t\t\t\t<\/div>\n\t\t\t\t<\/div>\n\t\t\t\t\t<\/div>\n\t\t<\/div>\n\t\t\t\t<div class=\"elementor-column elementor-col-50 elementor-inner-column elementor-element elementor-element-f87c25f\" data-id=\"f87c25f\" data-element_type=\"column\">\n\t\t\t<div class=\"elementor-widget-wrap elementor-element-populated\">\n\t\t\t\t\t\t\t\t<div class=\"elementor-element elementor-element-68f5d7b elementor-widget elementor-widget-text-editor\" data-id=\"68f5d7b\" data-element_type=\"widget\" data-widget_type=\"text-editor.default\">\n\t\t\t\t<div class=\"elementor-widget-container\">\n\t\t\t\t\t\t\t<p><font color=\"#444444\" face=\"Trebuchet MS, sans-serif\"><span style=\"font-size: 12.6667px;\"><b>Projektwert:<\/b><\/span><\/font><\/p>\n<p><font color=\"#444444\" face=\"Trebuchet MS, sans-serif\"><span style=\"font-size: 12.6667px;\">Der Gesamtwert des Projekts betr\u00e4gt 616.038,12 PLN (in Worten: sechshundertsechzehntausendachtunddrei\u00dfig Zloty 12\/100)<\/span><\/font><\/p>\n<p><font color=\"#444444\" face=\"Trebuchet MS, sans-serif\"><span style=\"font-size: 12.6667px;\"><b><br><\/b><\/span><\/font><\/p>\n<p><font color=\"#444444\" face=\"Trebuchet MS, sans-serif\"><span style=\"font-size: 12.6667px;\"><b>Beitrag europ\u00e4ischer Mittel:<\/b><\/span><\/font><\/p>\n<p><font color=\"#444444\" face=\"Trebuchet MS, sans-serif\"><span style=\"font-size: 12.6667px;\">Projektkofinanzierung, die eine De-minimis-Beihilfe darstellt \u2013 425.717,40 PLN (in Worten: vierhundertf\u00fcnfundzwanzigtausendsiebenhundertsiebzehn Zloty 40\/100)<\/span><\/font><\/p>\n<p><font color=\"#444444\" face=\"Trebuchet MS, sans-serif\"><span style=\"font-size: 12.6667px;\"><b><br><\/b><\/span><\/font><\/p>\n<p><font color=\"#444444\" face=\"Trebuchet MS, sans-serif\"><span style=\"font-size: 12.6667px;\"><b>Zeitlimit f\u00fcr die Fertigstellung:<br><\/b><\/span><\/font><span style=\"font-size: 12.6667px; color: rgb(68, 68, 68); font-family: &quot;Trebuchet MS&quot;, sans-serif; font-weight: var( --e-global-typography-text-font-weight );\">01.01.2021 \u2013 31.03.2022<\/span><\/p>\t\t\t\t\t\t<\/div>\n\t\t\t\t<\/div>\n\t\t\t\t\t<\/div>\n\t\t<\/div>\n\t\t\t\t\t\t\t<\/div>\n\t\t<\/section>\n\t\t\t\t\t<\/div>\n\t\t<\/div>\n\t\t\t\t\t\t\t<\/div>\n\t\t<\/section>\n\t\t\t\t\t\t<\/div>\n\t\t\t\t\t<\/div>\n\t\t","protected":false},"excerpt":{"rendered":"<p>Projekttitel:Przedsi\u0119biorstwo Wielobran\u017cowe CEZALEX Cezary Mierzejewski betrat die Auslandsm\u00e4rkte Deutschland und Frankreich mit einem Produkt in Form von Holzlamellen f\u00fcr die M\u00f6bel-, Bau- und Innenarchitekturindustrie.Ziel und geplante Wirkung des Projekts:Das Unternehmen erwartet durch die Internationalisierung: 1. Erschlie\u00dfung neuer Auslandsm\u00e4rkte wie Deutschland und Frankreich;2. Steigerung der Einnahmen durch gesteigerte Exporte;3. Gesch\u00e4ftsentwicklung dank Erfahrungen aus der internationalen Wirtschaftskooperation;4. [&hellip;]<\/p>\n","protected":false},"author":1,"featured_media":0,"parent":0,"menu_order":0,"comment_status":"closed","ping_status":"closed","template":"elementor_header_footer","meta":[],"_links":{"self":[{"href":"https:\/\/cezalex.eu\/de\/wp-json\/wp\/v2\/pages\/1183"}],"collection":[{"href":"https:\/\/cezalex.eu\/de\/wp-json\/wp\/v2\/pages"}],"about":[{"href":"https:\/\/cezalex.eu\/de\/wp-json\/wp\/v2\/types\/page"}],"author":[{"embeddable":true,"href":"https:\/\/cezalex.eu\/de\/wp-json\/wp\/v2\/users\/1"}],"replies":[{"embeddable":true,"href":"https:\/\/cezalex.eu\/de\/wp-json\/wp\/v2\/comments?post=1183"}],"version-history":[{"count":4,"href":"https:\/\/cezalex.eu\/de\/wp-json\/wp\/v2\/pages\/1183\/revisions"}],"predecessor-version":[{"id":1306,"href":"https:\/\/cezalex.eu\/de\/wp-json\/wp\/v2\/pages\/1183\/revisions\/1306"}],"wp:attachment":[{"href":"https:\/\/cezalex.eu\/de\/wp-json\/wp\/v2\/media?parent=1183"}],"curies":[{"name":"wp","href":"https:\/\/api.w.org\/{rel}","templated":true}]}}