{"id":1187,"date":"2022-01-19T12:07:12","date_gmt":"2022-01-19T11:07:12","guid":{"rendered":"https:\/\/cezalex.eu\/produkty\/"},"modified":"2024-01-24T12:56:39","modified_gmt":"2024-01-24T11:56:39","slug":"produkty","status":"publish","type":"page","link":"https:\/\/cezalex.eu\/de\/produkty\/","title":{"rendered":"Produkte"},"content":{"rendered":"\t\t<div data-elementor-type=\"page\" data-elementor-id=\"1198\" class=\"elementor elementor-1198 elementor-76\" data-elementor-settings=\"[]\">\n\t\t\t\t\t\t\t<div class=\"elementor-section-wrap\">\n\t\t\t\t\t\t\t<section class=\"elementor-section elementor-top-section elementor-element elementor-element-5180b4b2 elementor-section-height-min-height elementor-section-boxed elementor-section-height-default elementor-section-items-middle\" data-id=\"5180b4b2\" data-element_type=\"section\" data-settings=\"{&quot;background_background&quot;:&quot;classic&quot;}\">\n\t\t\t\t\t\t\t<div class=\"elementor-background-overlay\"><\/div>\n\t\t\t\t\t\t\t<div class=\"elementor-container elementor-column-gap-default\">\n\t\t\t\t\t<div class=\"elementor-column elementor-col-100 elementor-top-column elementor-element elementor-element-279c0232\" data-id=\"279c0232\" data-element_type=\"column\">\n\t\t\t<div class=\"elementor-widget-wrap elementor-element-populated\">\n\t\t\t\t\t\t\t\t<div class=\"elementor-element elementor-element-326c50bd elementor-widget elementor-widget-heading\" data-id=\"326c50bd\" data-element_type=\"widget\" data-widget_type=\"heading.default\">\n\t\t\t\t<div class=\"elementor-widget-container\">\n\t\t\t<style>\/*! elementor - v3.5.3 - 28-12-2021 *\/\n.elementor-heading-title{padding:0;margin:0;line-height:1}.elementor-widget-heading .elementor-heading-title[class*=elementor-size-]>a{color:inherit;font-size:inherit;line-height:inherit}.elementor-widget-heading .elementor-heading-title.elementor-size-small{font-size:15px}.elementor-widget-heading .elementor-heading-title.elementor-size-medium{font-size:19px}.elementor-widget-heading .elementor-heading-title.elementor-size-large{font-size:29px}.elementor-widget-heading .elementor-heading-title.elementor-size-xl{font-size:39px}.elementor-widget-heading .elementor-heading-title.elementor-size-xxl{font-size:59px}<\/style><h1 class=\"elementor-heading-title elementor-size-default\">Unsere Produkte<\/h1>\t\t<\/div>\n\t\t\t\t<\/div>\n\t\t\t\t\t<\/div>\n\t\t<\/div>\n\t\t\t\t\t\t\t<\/div>\n\t\t<\/section>\n\t\t\t\t<section class=\"elementor-section elementor-top-section elementor-element elementor-element-6a506ddf elementor-section-boxed elementor-section-height-default elementor-section-height-default\" data-id=\"6a506ddf\" data-element_type=\"section\">\n\t\t\t\t\t\t<div class=\"elementor-container elementor-column-gap-default\">\n\t\t\t\t\t<div class=\"elementor-column elementor-col-100 elementor-top-column elementor-element elementor-element-267c2048\" data-id=\"267c2048\" data-element_type=\"column\">\n\t\t\t<div class=\"elementor-widget-wrap elementor-element-populated\">\n\t\t\t\t\t\t\t\t<div class=\"elementor-element elementor-element-60a7da8a elementor-widget elementor-widget-heading\" data-id=\"60a7da8a\" data-element_type=\"widget\" data-widget_type=\"heading.default\">\n\t\t\t\t<div class=\"elementor-widget-container\">\n\t\t\t<span class=\"elementor-heading-title elementor-size-default\">seit 2005<\/span>\t\t<\/div>\n\t\t\t\t<\/div>\n\t\t\t\t<div class=\"elementor-element elementor-element-4431e352 elementor-widget elementor-widget-heading\" data-id=\"4431e352\" data-element_type=\"widget\" data-widget_type=\"heading.default\">\n\t\t\t\t<div class=\"elementor-widget-container\">\n\t\t\t<h2 class=\"elementor-heading-title elementor-size-default\">Erfahren Sie mehr \u00fcber unsere Produkte<\/h2>\t\t<\/div>\n\t\t\t\t<\/div>\n\t\t\t\t<div class=\"elementor-element elementor-element-6db5cc53 elementor-tabs-view-vertical elementor-invisible elementor-widget elementor-widget-tabs\" data-id=\"6db5cc53\" data-element_type=\"widget\" data-settings=\"{&quot;_animation&quot;:&quot;fadeIn&quot;}\" data-widget_type=\"tabs.default\">\n\t\t\t\t<div class=\"elementor-widget-container\">\n\t\t\t<style>\/*! elementor - v3.5.3 - 28-12-2021 *\/\n.elementor-widget-tabs.elementor-tabs-view-vertical .elementor-tabs-wrapper{width:25%;-ms-flex-negative:0;flex-shrink:0}.elementor-widget-tabs.elementor-tabs-view-vertical .elementor-tab-desktop-title.elementor-active{border-right-style:none}.elementor-widget-tabs.elementor-tabs-view-vertical .elementor-tab-desktop-title.elementor-active:after,.elementor-widget-tabs.elementor-tabs-view-vertical .elementor-tab-desktop-title.elementor-active:before{height:999em;width:0;right:0;border-right-style:solid}.elementor-widget-tabs.elementor-tabs-view-vertical .elementor-tab-desktop-title.elementor-active:before{top:0;-webkit-transform:translateY(-100%);-ms-transform:translateY(-100%);transform:translateY(-100%)}.elementor-widget-tabs.elementor-tabs-view-vertical .elementor-tab-desktop-title.elementor-active:after{top:100%}.elementor-widget-tabs.elementor-tabs-view-horizontal .elementor-tab-desktop-title{display:table-cell}.elementor-widget-tabs.elementor-tabs-view-horizontal .elementor-tab-desktop-title.elementor-active{border-bottom-style:none}.elementor-widget-tabs.elementor-tabs-view-horizontal .elementor-tab-desktop-title.elementor-active:after,.elementor-widget-tabs.elementor-tabs-view-horizontal .elementor-tab-desktop-title.elementor-active:before{bottom:0;height:0;width:999em;border-bottom-style:solid}.elementor-widget-tabs.elementor-tabs-view-horizontal .elementor-tab-desktop-title.elementor-active:before{right:100%}.elementor-widget-tabs.elementor-tabs-view-horizontal .elementor-tab-desktop-title.elementor-active:after{left:100%}.elementor-widget-tabs .elementor-tab-content,.elementor-widget-tabs .elementor-tab-title,.elementor-widget-tabs .elementor-tab-title:after,.elementor-widget-tabs .elementor-tab-title:before,.elementor-widget-tabs .elementor-tabs-content-wrapper{border:1px #d4d4d4}.elementor-widget-tabs .elementor-tabs{text-align:left}.elementor-widget-tabs .elementor-tabs-wrapper{overflow:hidden}.elementor-widget-tabs .elementor-tab-title{cursor:pointer;outline:var(--focus-outline,none)}.elementor-widget-tabs .elementor-tab-desktop-title{position:relative;padding:20px 25px;font-weight:700;line-height:1;border:solid transparent}.elementor-widget-tabs .elementor-tab-desktop-title.elementor-active{border-color:#d4d4d4}.elementor-widget-tabs .elementor-tab-desktop-title.elementor-active:after,.elementor-widget-tabs .elementor-tab-desktop-title.elementor-active:before{display:block;content:\"\";position:absolute}.elementor-widget-tabs .elementor-tab-mobile-title{padding:10px;cursor:pointer}.elementor-widget-tabs .elementor-tab-content{padding:20px;display:none}@media (max-width:767px){.elementor-tabs .elementor-tab-content,.elementor-tabs .elementor-tab-title{border-style:solid solid none}.elementor-tabs .elementor-tabs-wrapper{display:none}.elementor-tabs .elementor-tabs-content-wrapper{border-bottom-style:solid}.elementor-tabs .elementor-tab-content{padding:10px}}@media (min-width:768px){.elementor-widget-tabs.elementor-tabs-view-vertical .elementor-tabs{display:-webkit-box;display:-ms-flexbox;display:flex}.elementor-widget-tabs.elementor-tabs-view-vertical .elementor-tabs-wrapper{-webkit-box-orient:vertical;-webkit-box-direction:normal;-ms-flex-direction:column;flex-direction:column}.elementor-widget-tabs.elementor-tabs-view-vertical .elementor-tabs-content-wrapper{-webkit-box-flex:1;-ms-flex-positive:1;flex-grow:1;border-style:solid solid solid none}.elementor-widget-tabs.elementor-tabs-view-horizontal .elementor-tab-content{border-style:none solid solid}.elementor-widget-tabs.elementor-tabs-alignment-center .elementor-tabs-wrapper,.elementor-widget-tabs.elementor-tabs-alignment-end .elementor-tabs-wrapper,.elementor-widget-tabs.elementor-tabs-alignment-stretch .elementor-tabs-wrapper{display:-webkit-box;display:-ms-flexbox;display:flex}.elementor-widget-tabs.elementor-tabs-alignment-center .elementor-tabs-wrapper{-webkit-box-pack:center;-ms-flex-pack:center;justify-content:center}.elementor-widget-tabs.elementor-tabs-alignment-end .elementor-tabs-wrapper{-webkit-box-pack:end;-ms-flex-pack:end;justify-content:flex-end}.elementor-widget-tabs.elementor-tabs-alignment-stretch.elementor-tabs-view-horizontal .elementor-tab-title{width:100%}.elementor-widget-tabs.elementor-tabs-alignment-stretch.elementor-tabs-view-vertical .elementor-tab-title{height:100%}.elementor-tabs .elementor-tab-mobile-title{display:none}}<\/style>\t\t<div class=\"elementor-tabs\">\n\t\t\t<div class=\"elementor-tabs-wrapper\" role=\"tablist\" >\n\t\t\t\t\t\t\t\t\t<div id=\"elementor-tab-title-1841\" class=\"elementor-tab-title elementor-tab-desktop-title\" aria-selected=\"true\" data-tab=\"1\" role=\"tab\" tabindex=\"0\" aria-controls=\"elementor-tab-content-1841\" aria-expanded=\"false\">Lamela<\/div>\n\t\t\t\t\t\t\t\t\t<div id=\"elementor-tab-title-1842\" class=\"elementor-tab-title elementor-tab-desktop-title\" aria-selected=\"false\" data-tab=\"2\" role=\"tab\" tabindex=\"-1\" aria-controls=\"elementor-tab-content-1842\" aria-expanded=\"false\">CHIP-CHIPS<\/div>\n\t\t\t\t\t\t\t\t\t<div id=\"elementor-tab-title-1843\" class=\"elementor-tab-title elementor-tab-desktop-title\" aria-selected=\"false\" data-tab=\"3\" role=\"tab\" tabindex=\"-1\" aria-controls=\"elementor-tab-content-1843\" aria-expanded=\"false\">GESCHICHTETE EICHENBRETTE<\/div>\n\t\t\t\t\t\t\t\t\t<div id=\"elementor-tab-title-1844\" class=\"elementor-tab-title elementor-tab-desktop-title\" aria-selected=\"false\" data-tab=\"4\" role=\"tab\" tabindex=\"-1\" aria-controls=\"elementor-tab-content-1844\" aria-expanded=\"false\">Furniere<\/div>\n\t\t\t\t\t\t\t\t\t<div id=\"elementor-tab-title-1845\" class=\"elementor-tab-title elementor-tab-desktop-title\" aria-selected=\"false\" data-tab=\"5\" role=\"tab\" tabindex=\"-1\" aria-controls=\"elementor-tab-content-1845\" aria-expanded=\"false\">HOLZ<\/div>\n\t\t\t\t\t\t\t<\/div>\n\t\t\t<div class=\"elementor-tabs-content-wrapper\" role=\"tablist\" aria-orientation=\"vertical\">\n\t\t\t\t\t\t\t\t\t<div class=\"elementor-tab-title elementor-tab-mobile-title\" aria-selected=\"true\" data-tab=\"1\" role=\"tab\" tabindex=\"0\" aria-controls=\"elementor-tab-content-1841\" aria-expanded=\"false\">Lamela<\/div>\n\t\t\t\t\t<div id=\"elementor-tab-content-1841\" class=\"elementor-tab-content elementor-clearfix\" data-tab=\"1\" role=\"tabpanel\" aria-labelledby=\"elementor-tab-title-1841\" tabindex=\"0\" hidden=\"false\"><p>Lamela \u2013 es handelt sich um ein mehrere Millimeter dickes Brett, das zur Herstellung von Schichtbrettern, Treppen, M\u00f6beln und Holzaccessoires verwendet wird. Es besteht die M\u00f6glichkeit, Lamellen nach Kundenspezifikation herzustellen, wobei unter anderem die Gr\u00f6\u00dfe, Klasse und Farbe des Zielprodukts ber\u00fccksichtigt werden. Unser Angebot umfasst auch den Service des R\u00e4ucherns von anvertrautem Material.<\/p><p>Wir produzieren Lamellen in folgenden Klassen:<\/p><p>Erstklassige Klasse,<br \/>Klasse a,<br \/>Klasse b,<br \/>Klasse R1,<br \/>Klasse R2<\/p><p>Lamellengr\u00f6\u00dfen:<\/p><p>2\u201310 mm x 95 x 620\u20131220<br \/>2\u201310 mm x 110 x 620\u20131220<br \/>2-10 mm x 145 x 620 \u2013 2420<br \/>2-10 mm x 160 x 620 \u2013 2420<br \/>2-10 mm x 190 x 620 \u2013 2420<br \/>2-10 mm x 220 x 620 \u2013 2420<br \/>2 -10 mm x 250 (270.300)- 620 \u2013 2420<\/p><p>Verf\u00fcgbare Farben:<\/p><p>hellbraun \u2013 hellbraun<br \/>mittel \u2013 mittel<br \/>dunkel (Standard ger\u00e4uchert)<\/p><\/div>\n\t\t\t\t\t\t\t\t\t<div class=\"elementor-tab-title elementor-tab-mobile-title\" aria-selected=\"false\" data-tab=\"2\" role=\"tab\" tabindex=\"-1\" aria-controls=\"elementor-tab-content-1842\" aria-expanded=\"false\">CHIP-CHIPS<\/div>\n\t\t\t\t\t<div id=\"elementor-tab-content-1842\" class=\"elementor-tab-content elementor-clearfix\" data-tab=\"2\" role=\"tabpanel\" aria-labelledby=\"elementor-tab-title-1842\" tabindex=\"0\" hidden=\"hidden\"><p>Hackschnitzel sind Holzsp\u00e4ne unterschiedlicher Gr\u00f6\u00dfe (von 5 bis 100 Millimeter), die sich durch unregelm\u00e4\u00dfige Formen auszeichnen. Um ein qualitativ hochwertiges Produkt herzustellen, verwendet CEZALEX viele typische Baumarten, die in den W\u00e4ldern des Ermland-Masuren vorkommen. Diese Baumarten (sowohl Nadel- als auch Laubb\u00e4ume) zeichnen sich durch einen hohen Kalorienwert aus, darunter die St\u00e4mme von Erle, Birke, Fichte, Hainbuche, Eiche, Buche und Kiefer. Unser Produkt ist universell und kann an Kunden aus verschiedenen Branchen gerichtet werden.<\/p><p>Die von uns hergestellten Chips erf\u00fcllen die Anforderungen der polnischen Norm PN EN 14961-4:2011, der \u00f6sterreichischen Norm \u00d6NORM M-7133 und der deutschen DIN 51900.<\/p><p>Die von PW CEZALEX produzierten Hackschnitzel sind neben dem Energiesektor auch an Vertreter der Papier- und Zellstoffindustrie, der M\u00f6bel-, Garten- und Heimtierindustrie gerichtet. Die M\u00f6glichkeit der Verwendung von Hackschnitzeln in bestimmten Industriezweigen wird in erster Linie durch Eigenschaften wie Holzart, Feuchtigkeitsgehalt, Fraktion und Verschmutzungsgrad (Staubmenge, Erde, Kiefernnadeln) bestimmt.<\/p><p>\u00a0<\/p><p>Energiewirtschaft \u2013 Hackschnitzelheizwerke zeichnen sich durch eine saubere Verbrennung aus, die dazu beitr\u00e4gt, den Aussto\u00df von Treibhausgasen in die Atmosph\u00e4re zu minimieren. Der Brennstoff sollte in eine spezielle Kammer gegeben und der Brenner gestartet werden. Verkohlte Holzsp\u00e4ne erzeugen Holzkohle. Das entstehende Gas wird anschlie\u00dfend von Schadstoffen gefiltert, was sich positiv auf die Umwelt auswirkt. Ein Teil der Abgase kehrt in die Verbrennungszone zur\u00fcck. All dies macht diesen Prozess sehr effizient und \u00f6kologisch. Es gelangen wenig Abgase in die Atmosph\u00e4re und das Heizen ist g\u00fcnstig und bequem.<\/p><p>Pyrolyse (Vergasung) ist ein weiterer Bereich, in dem Hackschnitzel eingesetzt werden.<\/p><p>Die Papier- und Zellstoffindustrie \u2192 verwendet gerne rautenf\u00f6rmige Sp\u00e4ne mit den Abmessungen 5-50 mm x 10-20 mm. Der Aufschluss von gereinigten und gemahlenen Hackschnitzeln mit schwefelhaltigen Stoffen ist eine der Methoden zur Gewinnung von Zellulose. Sch\u00e4tzungen zufolge wird die H\u00e4lfte des weltweit gehandelten Holzes zur Herstellung von Papier verwendet.<\/p><p>M\u00f6belindustrie \u2192 Grundmaterial f\u00fcr die Herstellung von M\u00f6beln und Innenausbauprodukten (z. B. Zierleisten und Wandpaneele) sind MDF-Spanplatten und Faserplatten, die aus Holzsp\u00e4nen hergestellt werden. Holzsp\u00e4ne sind hier leicht zu fr\u00e4sen, k\u00f6nnen verschiedene Eigenschaften haben (z. B. Feuchtigkeitsbest\u00e4ndigkeit) und dienen als Untergrund f\u00fcr Furniere.<\/p><p>Bauindustrie \u2192 OSB-Platten werden h\u00e4ufig f\u00fcr den Ausbau von H\u00e4usern und Innenr\u00e4umen sowie f\u00fcr Baukonstruktionen verwendet. Holzsp\u00e4ne sind ein nat\u00fcrliches Material f\u00fcr die Herstellung dieser Plattenart. Diese Platten werden auch in tragenden Konstruktionen, Innen- und Au\u00dfenwand- und Dachverkleidungen, Rahmenkonstruktionen, Boden- und Deckenverkleidungen, Bodenbel\u00e4gen auf Balken usw. verwendet.<\/p><p>Gartenbausektor \u2192 Hackschnitzel sind ein ausgezeichneter Isolator, der den Boden vor negativen Witterungseinfl\u00fcssen sch\u00fctzt (Probleme im Zusammenhang mit \u00fcberm\u00e4\u00dfigem Gefrieren des Bodens im Winter und \u00fcberm\u00e4\u00dfiger Erw\u00e4rmung im Sommer werden beseitigt). Holzsp\u00e4ne sch\u00fctzen au\u00dferdem vor Unkraut und sind eine nat\u00fcrliche M\u00f6glichkeit, Feuchtigkeit zu speichern und den Boden zu bel\u00fcften. Nach dem F\u00e4rben sind sie ein attraktives Dekorationselement.<\/p><p>Zoologischer Bereich \u2192 Eine weitere Anwendung von Holzsp\u00e4nen ist die Verwendung als Substrat f\u00fcr Trockenterrarien, als Einstreu f\u00fcr Z\u00fcchter in Gest\u00fcten oder als nat\u00fcrliches Substrat f\u00fcr K\u00e4fige kleiner Haustiere (Nagetierk\u00e4fige, aber auch Katzentoiletten oder Gefl\u00fcgelstreu). .<\/p><p>\u00a0<\/p><p>Hackschnitzel in Zahlen<br \/>1 ml Hackschnitzel = ca. 0,35 m3 Massivholz<br \/>1 Tonne Hackschnitzel = ca. 4 m3<br \/>1 Tonne Hackschnitzel = enth\u00e4lt ca. 1,4 m3 Massivholz<br \/>1 ml Holz = 2 ml Sp\u00e4ne<br \/>1 m3 Massivholz = 2,8 ml lose gepackte Hackschnitzel<br \/>1 ml Hackschnitzel wiegt 250 \u2013 300 kg<br \/>1 m3 Massivholz wiegt ca. 730 kg<br \/>1 ml Hackschnitzel = ca. 65 \u2013 75 Liter Heiz\u00f6l<br \/>1 ml Holzsp\u00e4ne = 4 GJ<br \/>1 m3 Massivholz = 11,2 GJ<br \/>1 Tonne Hackschnitzel = 13,2 GJ<br \/>1 kg Hackschnitzel = ca. 4,4 kWh<br \/>1 kg Hackschnitzel = 0,24 \u2013 0,42 kg Heiz\u00f6l = 0,27 \u2013 0,51 m3 Erdgas = 0,45 \u2013 0,81 kg Steinkohle<\/p><p>Wo:<\/p><p>m3 &#8211; Kubikmeter; (z. B. ein Teil Massivholz mit einem Volumen von 1 m3)<br \/>mp &#8211; Raummeter, gez\u00e4hlter Anteil des gestapelten Holzes zusammen mit den Freir\u00e4umen zwischen den Holzst\u00fccken, die ein Volumen von 1 m3 einnehmen<br \/>mpl \u2013 Raummeter zerkleinertes Holz (Hackschnitzel, Pellets, S\u00e4gemehl, Hobelsp\u00e4ne), lose gestapelt, mit einem Volumen von 1 m3<\/p><\/div>\n\t\t\t\t\t\t\t\t\t<div class=\"elementor-tab-title elementor-tab-mobile-title\" aria-selected=\"false\" data-tab=\"3\" role=\"tab\" tabindex=\"-1\" aria-controls=\"elementor-tab-content-1843\" aria-expanded=\"false\">GESCHICHTETE EICHENBRETTE<\/div>\n\t\t\t\t\t<div id=\"elementor-tab-content-1843\" class=\"elementor-tab-content elementor-clearfix\" data-tab=\"3\" role=\"tabpanel\" aria-labelledby=\"elementor-tab-title-1843\" tabindex=\"0\" hidden=\"hidden\"><p>Schichtbretter bestehen zu 100 % aus Naturholz. Sie vereinen auf perfekte Weise den Nutzen und die Sch\u00f6nheit von Holz mit hoher Abriebfestigkeit und einfacher Installation. Aufgrund der Tatsache, dass das Material in mehreren Schichten verlegt wird, verschwinden Probleme im Zusammenhang mit Instabilit\u00e4t oder Verformung des Holzes \u2013 die Bodenstruktur wird sehr stabil. Schichtplatten sorgen f\u00fcr eine hervorragende W\u00e4rme- und Schalld\u00e4mmung.<\/p><p>F\u00fcr Mehrschichtparkette bieten wir auch eine Tragschicht an. Unsere Kunden k\u00f6nnen die Gr\u00f6\u00dfe, Klasse und Farbe des Zielprodukts w\u00e4hlen.<\/p><p>Wir produzieren Sandwichplatten in folgenden Klassen:<\/p><p>Erstklassige Klasse,<br \/>Klasse a,<br \/>Klasse b,<br \/>Klasse R1,<br \/>Klasse R2<\/p><p>Gr\u00f6\u00dfen:<\/p><p>Breite 240 mm,<\/p><p>L\u00e4nge von 600 mm bis 2500 mm,<\/p><p>Dicke von 14 mm bis 16 mm, abh\u00e4ngig von der Dicke der Tr\u00e4gerschicht<\/p><p>Breite 180 mm,<\/p><p>L\u00e4nge von 600 mm bis 2500 mm,<\/p><p>Dicke von 14 mm bis 16 mm, abh\u00e4ngig von der Dicke der Tr\u00e4gerschicht<\/p><p>Breite 140 mm,<\/p><p>L\u00e4nge von 1000 mm bis 2000 mm,<\/p><p>Dicke von 14 mm bis 16 mm, abh\u00e4ngig von der Dicke der Tr\u00e4gerschicht<\/p><p>Breite 90 mm,<\/p><p>L\u00e4nge von 600 mm bis 1200 mm,<\/p><p>Dicke von 14 mm bis 16 mm, abh\u00e4ngig von der Dicke der Tr\u00e4gerschicht<\/p><p>Verf\u00fcgbare R\u00e4ucherfarben f\u00fcr Eiche:<\/p><p>hellbraun \u2013 hellbraun<br \/>mittel \u2013 mittel<br \/>dunkel (Standard ger\u00e4uchert)<\/p><p>Zusatzoptionen:<\/p><p>\u00d6len<br \/>Lackierung<br \/>B\u00fcrsten<br \/>Anfasen<br \/>F\u00e4rben nach Kundenvorgaben<\/p><\/div>\n\t\t\t\t\t\t\t\t\t<div class=\"elementor-tab-title elementor-tab-mobile-title\" aria-selected=\"false\" data-tab=\"4\" role=\"tab\" tabindex=\"-1\" aria-controls=\"elementor-tab-content-1844\" aria-expanded=\"false\">Furniere<\/div>\n\t\t\t\t\t<div id=\"elementor-tab-content-1844\" class=\"elementor-tab-content elementor-clearfix\" data-tab=\"4\" role=\"tabpanel\" aria-labelledby=\"elementor-tab-title-1844\" tabindex=\"0\" hidden=\"hidden\"><p>Unser Angebot umfasst Naturfurniere, die in der M\u00f6belindustrie, T\u00fcrenherstellung und Innenarchitektur weit verbreitet sind.<\/p><p>Unsere Kunden k\u00f6nnen die Gr\u00f6\u00dfe, Klasse und Farbe des Zielprodukts w\u00e4hlen.<\/p><p>L\u00e4nge nach Kundenwunsch<\/p><p>Dicke: 0,55 mm; 0,60 mm; 1,00 mm; 1,5 mm; 2,00 mm; 2,5 mm<\/p><p>Qualit\u00e4tsklassen:<\/p><p>I, II, III<\/p><p>Verf\u00fcgbare Farben:<\/p><p>hellbraun \u2013 hellbraun<br \/>mittel \u2013 mittel<br \/>dunkel (Standard ger\u00e4uchert)<\/p><\/div>\n\t\t\t\t\t\t\t\t\t<div class=\"elementor-tab-title elementor-tab-mobile-title\" aria-selected=\"false\" data-tab=\"5\" role=\"tab\" tabindex=\"-1\" aria-controls=\"elementor-tab-content-1845\" aria-expanded=\"false\">HOLZ<\/div>\n\t\t\t\t\t<div id=\"elementor-tab-content-1845\" class=\"elementor-tab-content elementor-clearfix\" data-tab=\"5\" role=\"tabpanel\" aria-labelledby=\"elementor-tab-title-1845\" tabindex=\"0\" hidden=\"hidden\"><p>Wir produzieren trockenes Eichenschnittholz mit einer Dicke von 26 mm in den Klassen A B C.<\/p><p>Das fertige Produkt bieten wir in L\u00e4ngen von 2,20 m bis 5,0 m an.<\/p><p>Andere L\u00e4ngen werden auf Anfrage gefertigt.<\/p><p>Wir garantieren hohe Qualit\u00e4t.<\/p><p>Verf\u00fcgbare Kurse:<\/p><p>Klasse a<\/p><p>Klasse b<\/p><p>Klasse C<\/p><\/div>\n\t\t\t\t\t\t\t<\/div>\n\t\t<\/div>\n\t\t\t\t<\/div>\n\t\t\t\t<\/div>\n\t\t\t\t\t<\/div>\n\t\t<\/div>\n\t\t\t\t\t\t\t<\/div>\n\t\t<\/section>\n\t\t\t\t\t\t<\/div>\n\t\t\t\t\t<\/div>\n\t\t\n","protected":false},"excerpt":{"rendered":"","protected":false},"author":1,"featured_media":0,"parent":0,"menu_order":0,"comment_status":"closed","ping_status":"closed","template":"elementor_header_footer","meta":[],"_links":{"self":[{"href":"https:\/\/cezalex.eu\/de\/wp-json\/wp\/v2\/pages\/1187"}],"collection":[{"href":"https:\/\/cezalex.eu\/de\/wp-json\/wp\/v2\/pages"}],"about":[{"href":"https:\/\/cezalex.eu\/de\/wp-json\/wp\/v2\/types\/page"}],"author":[{"embeddable":true,"href":"https:\/\/cezalex.eu\/de\/wp-json\/wp\/v2\/users\/1"}],"replies":[{"embeddable":true,"href":"https:\/\/cezalex.eu\/de\/wp-json\/wp\/v2\/comments?post=1187"}],"version-history":[{"count":2,"href":"https:\/\/cezalex.eu\/de\/wp-json\/wp\/v2\/pages\/1187\/revisions"}],"predecessor-version":[{"id":1236,"href":"https:\/\/cezalex.eu\/de\/wp-json\/wp\/v2\/pages\/1187\/revisions\/1236"}],"wp:attachment":[{"href":"https:\/\/cezalex.eu\/de\/wp-json\/wp\/v2\/media?parent=1187"}],"curies":[{"name":"wp","href":"https:\/\/api.w.org\/{rel}","templated":true}]}}