{"id":1182,"date":"2022-01-19T12:06:38","date_gmt":"2022-01-19T11:06:38","guid":{"rendered":"https:\/\/cezalex.eu\/projekty\/"},"modified":"2024-01-31T11:29:55","modified_gmt":"2024-01-31T10:29:55","slug":"projekty","status":"publish","type":"page","link":"https:\/\/cezalex.eu\/fr\/projekty\/","title":{"rendered":"Projets"},"content":{"rendered":"\t\t<div data-elementor-type=\"wp-page\" data-elementor-id=\"1182\" class=\"elementor elementor-1182 elementor-127\" data-elementor-settings=\"[]\">\n\t\t\t\t\t\t\t<div class=\"elementor-section-wrap\">\n\t\t\t\t\t\t\t<section class=\"elementor-section elementor-top-section elementor-element elementor-element-cf65221 elementor-section-boxed elementor-section-height-default elementor-section-height-default\" data-id=\"cf65221\" data-element_type=\"section\">\n\t\t\t\t\t\t<div class=\"elementor-container elementor-column-gap-default\">\n\t\t\t\t\t<div class=\"elementor-column elementor-col-100 elementor-top-column elementor-element elementor-element-65c26c6\" data-id=\"65c26c6\" data-element_type=\"column\">\n\t\t\t<div class=\"elementor-widget-wrap elementor-element-populated\">\n\t\t\t\t\t\t\t\t<div class=\"elementor-element elementor-element-499aafe elementor-widget elementor-widget-image\" data-id=\"499aafe\" data-element_type=\"widget\" data-widget_type=\"image.default\">\n\t\t\t\t<div class=\"elementor-widget-container\">\n\t\t\t<style>\/*! elementor - v3.5.3 - 28-12-2021 *\/\n.elementor-widget-image{text-align:center}.elementor-widget-image a{display:inline-block}.elementor-widget-image a img[src$=\".svg\"]{width:48px}.elementor-widget-image img{vertical-align:middle;display:inline-block}<\/style>\t\t\t\t\t\t\t\t\t\t\t\t<img decoding=\"async\" width=\"768\" height=\"93\" src=\"https:\/\/cezalex.eu\/wp-content\/uploads\/2022\/02\/Przechwytywanie-768x93.png\" class=\"attachment-medium_large size-medium_large\" alt=\"\" loading=\"lazy\" srcset=\"https:\/\/cezalex.eu\/wp-content\/uploads\/2022\/02\/Przechwytywanie-768x93.png 768w, https:\/\/cezalex.eu\/wp-content\/uploads\/2022\/02\/Przechwytywanie-300x36.png 300w, https:\/\/cezalex.eu\/wp-content\/uploads\/2022\/02\/Przechwytywanie-1024x124.png 1024w, https:\/\/cezalex.eu\/wp-content\/uploads\/2022\/02\/Przechwytywanie.png 1448w\" sizes=\"(max-width: 768px) 100vw, 768px\" \/>\t\t\t\t\t\t\t\t\t\t\t\t\t\t\t<\/div>\n\t\t\t\t<\/div>\n\t\t\t\t\t<\/div>\n\t\t<\/div>\n\t\t\t\t\t\t\t<\/div>\n\t\t<\/section>\n\t\t\t\t<section class=\"elementor-section elementor-top-section elementor-element elementor-element-1eac6bcc elementor-section-boxed elementor-section-height-default elementor-section-height-default\" data-id=\"1eac6bcc\" data-element_type=\"section\">\n\t\t\t\t\t\t<div class=\"elementor-container elementor-column-gap-default\">\n\t\t\t\t\t<div class=\"elementor-column elementor-col-100 elementor-top-column elementor-element elementor-element-31bfc5a0\" data-id=\"31bfc5a0\" data-element_type=\"column\">\n\t\t\t<div class=\"elementor-widget-wrap elementor-element-populated\">\n\t\t\t\t\t\t\t\t<div class=\"elementor-element elementor-element-5e4f9095 elementor-widget elementor-widget-text-editor\" data-id=\"5e4f9095\" data-element_type=\"widget\" data-widget_type=\"text-editor.default\">\n\t\t\t\t<div class=\"elementor-widget-container\">\n\t\t\t<style>\/*! elementor - v3.5.3 - 28-12-2021 *\/\n.elementor-widget-text-editor.elementor-drop-cap-view-stacked .elementor-drop-cap{background-color:#818a91;color:#fff}.elementor-widget-text-editor.elementor-drop-cap-view-framed .elementor-drop-cap{color:#818a91;border:3px solid;background-color:transparent}.elementor-widget-text-editor:not(.elementor-drop-cap-view-default) .elementor-drop-cap{margin-top:8px}.elementor-widget-text-editor:not(.elementor-drop-cap-view-default) .elementor-drop-cap-letter{width:1em;height:1em}.elementor-widget-text-editor .elementor-drop-cap{float:left;text-align:center;line-height:1;font-size:50px}.elementor-widget-text-editor .elementor-drop-cap-letter{display:inline-block}<\/style>\t\t\t\t\t\t\t\t\t\t<\/div>\n\t\t\t\t<\/div>\n\t\t\t\t\t<\/div>\n\t\t<\/div>\n\t\t\t\t\t\t\t<\/div>\n\t\t<\/section>\n\t\t\t\t<section class=\"elementor-section elementor-top-section elementor-element elementor-element-68921a0d elementor-section-boxed elementor-section-height-default elementor-section-height-default\" data-id=\"68921a0d\" data-element_type=\"section\">\n\t\t\t\t\t\t<div class=\"elementor-container elementor-column-gap-default\">\n\t\t\t\t\t<div class=\"elementor-column elementor-col-100 elementor-top-column elementor-element elementor-element-245633e5\" data-id=\"245633e5\" data-element_type=\"column\">\n\t\t\t<div class=\"elementor-widget-wrap elementor-element-populated\">\n\t\t\t\t\t\t\t\t<section class=\"elementor-section elementor-inner-section elementor-element elementor-element-57f6c965 elementor-section-boxed elementor-section-height-default elementor-section-height-default\" data-id=\"57f6c965\" data-element_type=\"section\">\n\t\t\t\t\t\t<div class=\"elementor-container elementor-column-gap-default\">\n\t\t\t\t\t<div class=\"elementor-column elementor-col-50 elementor-inner-column elementor-element elementor-element-20266481\" data-id=\"20266481\" data-element_type=\"column\">\n\t\t\t<div class=\"elementor-widget-wrap elementor-element-populated\">\n\t\t\t\t\t\t\t\t<div class=\"elementor-element elementor-element-3c482651 elementor-widget elementor-widget-text-editor\" data-id=\"3c482651\" data-element_type=\"widget\" data-widget_type=\"text-editor.default\">\n\t\t\t\t<div class=\"elementor-widget-container\">\n\t\t\t\t\t\t\t<p><b>Titre du projet:<\/b><br \/>Przedsi\u0119biorstwo Wielobran\u017cowe CEZALEX Cezary Mierzejewski est entr\u00e9 sur les march\u00e9s \u00e9trangers d&rsquo;Allemagne et de France avec un produit sous forme de lamelles en bois destin\u00e9 aux industries du meuble, de la construction et de la d\u00e9coration int\u00e9rieure.<br \/>Objectif et effet pr\u00e9vu du projet\u00a0:<br \/>L\u2019entreprise s\u2019attend \u00e0 ce que du fait de l\u2019internationalisation :<\/p><p>1. Acqu\u00e9rir de nouveaux march\u00e9s \u00e9trangers comme l\u2019Allemagne et la France ;<br \/>2. Augmenter les revenus gr\u00e2ce \u00e0 l&rsquo;augmentation des exportations\u00a0;<br \/>3. D\u00e9veloppement des affaires gr\u00e2ce \u00e0 l&rsquo;exp\u00e9rience acquise gr\u00e2ce \u00e0 la coop\u00e9ration \u00e9conomique internationale ;<br \/>4. Augmentation des revenus, qui permettra de nouveaux investissements.<br \/>5. \u00c9tablir des contacts internationaux potentiels.<\/p><p>\u00a0<\/p><p><b>Effets mesurables de la mise en \u0153uvre du projet\u00a0:<\/b><br \/>&#8211; Nombre de mod\u00e8les commerciaux d&rsquo;internationalisation pr\u00e9par\u00e9s pour la mise en \u0153uvre \u2013 1\u00a0;<br \/>&#8211; Nombre de nouveaux march\u00e9s (pays) o\u00f9 le demandeur est pr\u00eat \u00e0 commencer \u00e0 vendre des produits &#8211; 2\u00a0;<br \/>&#8211; Nombre de canaux de distribution organis\u00e9s qui seront mis en \u0153uvre sur les march\u00e9s cibles \u2013 4<\/p>\t\t\t\t\t\t<\/div>\n\t\t\t\t<\/div>\n\t\t\t\t\t<\/div>\n\t\t<\/div>\n\t\t\t\t<div class=\"elementor-column elementor-col-50 elementor-inner-column elementor-element elementor-element-2e2ab388\" data-id=\"2e2ab388\" data-element_type=\"column\">\n\t\t\t<div class=\"elementor-widget-wrap elementor-element-populated\">\n\t\t\t\t\t\t\t\t<div class=\"elementor-element elementor-element-a41dd35 elementor-widget elementor-widget-text-editor\" data-id=\"a41dd35\" data-element_type=\"widget\" data-widget_type=\"text-editor.default\">\n\t\t\t\t<div class=\"elementor-widget-container\">\n\t\t\t\t\t\t\t<p><span style=\"font-weight: bold;\">Valeur du projet\u00a0:<\/span><br \/>La valeur totale du projet est de 479 718,50 PLN (en mots : quatre cent soixante-dix-neuf mille sept cent dix-huit zlotys 50\/100)<br \/><br \/><\/p><p><b>Contribution des fonds europ\u00e9ens :<\/b><br \/>Cofinancement de projet constituant une aide de minimis \u2013 329 077,50 PLN (en lettres : trois cent vingt-neuf mille soixante-dix-sept zlotys 50\/100)<br \/><br \/><\/p><p><span style=\"font-weight: bold;\">D\u00e9lai de r\u00e9alisation :<\/span><br \/>01\/11\/2022 &#8211; 31\/12\/2023<\/p>\t\t\t\t\t\t<\/div>\n\t\t\t\t<\/div>\n\t\t\t\t\t<\/div>\n\t\t<\/div>\n\t\t\t\t\t\t\t<\/div>\n\t\t<\/section>\n\t\t\t\t\t<\/div>\n\t\t<\/div>\n\t\t\t\t\t\t\t<\/div>\n\t\t<\/section>\n\t\t\t\t<section class=\"elementor-section elementor-top-section elementor-element elementor-element-e6b7255 elementor-section-boxed elementor-section-height-default elementor-section-height-default\" data-id=\"e6b7255\" data-element_type=\"section\">\n\t\t\t\t\t\t<div class=\"elementor-container elementor-column-gap-default\">\n\t\t\t\t\t<div class=\"elementor-column elementor-col-100 elementor-top-column elementor-element elementor-element-28d5a9f\" data-id=\"28d5a9f\" data-element_type=\"column\">\n\t\t\t<div class=\"elementor-widget-wrap elementor-element-populated\">\n\t\t\t\t\t\t\t\t<div class=\"elementor-element elementor-element-0d05d5e elementor-widget-divider--view-line elementor-widget elementor-widget-divider\" data-id=\"0d05d5e\" data-element_type=\"widget\" data-widget_type=\"divider.default\">\n\t\t\t\t<div class=\"elementor-widget-container\">\n\t\t\t<style>\/*! elementor - v3.5.3 - 28-12-2021 *\/\n.elementor-widget-divider{--divider-border-style:none;--divider-border-width:1px;--divider-color:#2c2c2c;--divider-icon-size:20px;--divider-element-spacing:10px;--divider-pattern-height:24px;--divider-pattern-size:20px;--divider-pattern-url:none;--divider-pattern-repeat:repeat-x}.elementor-widget-divider .elementor-divider{display:-webkit-box;display:-ms-flexbox;display:flex}.elementor-widget-divider .elementor-divider__text{font-size:15px;line-height:1;max-width:95%}.elementor-widget-divider .elementor-divider__element{margin:0 var(--divider-element-spacing);-ms-flex-negative:0;flex-shrink:0}.elementor-widget-divider .elementor-icon{font-size:var(--divider-icon-size)}.elementor-widget-divider .elementor-divider-separator{display:-webkit-box;display:-ms-flexbox;display:flex;margin:0;direction:ltr}.elementor-widget-divider--view-line_icon .elementor-divider-separator,.elementor-widget-divider--view-line_text .elementor-divider-separator{-webkit-box-align:center;-ms-flex-align:center;align-items:center}.elementor-widget-divider--view-line_icon .elementor-divider-separator:after,.elementor-widget-divider--view-line_icon .elementor-divider-separator:before,.elementor-widget-divider--view-line_text .elementor-divider-separator:after,.elementor-widget-divider--view-line_text .elementor-divider-separator:before{display:block;content:\"\";border-bottom:0;-webkit-box-flex:1;-ms-flex-positive:1;flex-grow:1;border-top:var(--divider-border-width) var(--divider-border-style) var(--divider-color)}.elementor-widget-divider--element-align-left .elementor-divider .elementor-divider-separator>.elementor-divider__svg:first-of-type{-webkit-box-flex:0;-ms-flex-positive:0;flex-grow:0;-ms-flex-negative:100;flex-shrink:100}.elementor-widget-divider--element-align-left .elementor-divider-separator:before{content:none}.elementor-widget-divider--element-align-left .elementor-divider__element{margin-left:0}.elementor-widget-divider--element-align-right .elementor-divider .elementor-divider-separator>.elementor-divider__svg:last-of-type{-webkit-box-flex:0;-ms-flex-positive:0;flex-grow:0;-ms-flex-negative:100;flex-shrink:100}.elementor-widget-divider--element-align-right .elementor-divider-separator:after{content:none}.elementor-widget-divider--element-align-right .elementor-divider__element{margin-right:0}.elementor-widget-divider:not(.elementor-widget-divider--view-line_text):not(.elementor-widget-divider--view-line_icon) .elementor-divider-separator{border-top:var(--divider-border-width) var(--divider-border-style) var(--divider-color)}.elementor-widget-divider--separator-type-pattern{--divider-border-style:none}.elementor-widget-divider--separator-type-pattern.elementor-widget-divider--view-line .elementor-divider-separator,.elementor-widget-divider--separator-type-pattern:not(.elementor-widget-divider--view-line) .elementor-divider-separator:after,.elementor-widget-divider--separator-type-pattern:not(.elementor-widget-divider--view-line) .elementor-divider-separator:before,.elementor-widget-divider--separator-type-pattern:not([class*=elementor-widget-divider--view]) .elementor-divider-separator{width:100%;min-height:var(--divider-pattern-height);-webkit-mask-size:var(--divider-pattern-size) 100%;mask-size:var(--divider-pattern-size) 100%;-webkit-mask-repeat:var(--divider-pattern-repeat);mask-repeat:var(--divider-pattern-repeat);background-color:var(--divider-color);-webkit-mask-image:var(--divider-pattern-url);mask-image:var(--divider-pattern-url)}.elementor-widget-divider--no-spacing{--divider-pattern-size:auto}.elementor-widget-divider--bg-round{--divider-pattern-repeat:round}.rtl .elementor-widget-divider .elementor-divider__text{direction:rtl}<\/style>\t\t<div class=\"elementor-divider\">\n\t\t\t<span class=\"elementor-divider-separator\">\n\t\t\t\t\t\t<\/span>\n\t\t<\/div>\n\t\t\t\t<\/div>\n\t\t\t\t<\/div>\n\t\t\t\t\t<\/div>\n\t\t<\/div>\n\t\t\t\t\t\t\t<\/div>\n\t\t<\/section>\n\t\t\t\t<section class=\"elementor-section elementor-top-section elementor-element elementor-element-e132aa3 elementor-section-boxed elementor-section-height-default elementor-section-height-default\" data-id=\"e132aa3\" data-element_type=\"section\">\n\t\t\t\t\t\t<div class=\"elementor-container elementor-column-gap-default\">\n\t\t\t\t\t<div class=\"elementor-column elementor-col-50 elementor-top-column elementor-element elementor-element-2e9d424\" data-id=\"2e9d424\" data-element_type=\"column\">\n\t\t\t<div class=\"elementor-widget-wrap elementor-element-populated\">\n\t\t\t\t\t\t\t\t<div class=\"elementor-element elementor-element-28a5f42 elementor-widget elementor-widget-image\" data-id=\"28a5f42\" data-element_type=\"widget\" data-widget_type=\"image.default\">\n\t\t\t\t<div class=\"elementor-widget-container\">\n\t\t\t\t\t\t\t\t\t\t\t\t\t\t\t<img decoding=\"async\" width=\"800\" height=\"530\" src=\"https:\/\/cezalex.eu\/wp-content\/uploads\/2022\/02\/AdobeStock_100121904-1024x678.jpeg\" class=\"attachment-large size-large\" alt=\"\" loading=\"lazy\" srcset=\"https:\/\/cezalex.eu\/wp-content\/uploads\/2022\/02\/AdobeStock_100121904-1024x678.jpeg 1024w, https:\/\/cezalex.eu\/wp-content\/uploads\/2022\/02\/AdobeStock_100121904-300x199.jpeg 300w, https:\/\/cezalex.eu\/wp-content\/uploads\/2022\/02\/AdobeStock_100121904-768x509.jpeg 768w, https:\/\/cezalex.eu\/wp-content\/uploads\/2022\/02\/AdobeStock_100121904-1536x1017.jpeg 1536w, https:\/\/cezalex.eu\/wp-content\/uploads\/2022\/02\/AdobeStock_100121904-2048x1356.jpeg 2048w\" sizes=\"(max-width: 800px) 100vw, 800px\" \/>\t\t\t\t\t\t\t\t\t\t\t\t\t\t\t<\/div>\n\t\t\t\t<\/div>\n\t\t\t\t\t<\/div>\n\t\t<\/div>\n\t\t\t\t<div class=\"elementor-column elementor-col-50 elementor-top-column elementor-element elementor-element-1cfa55a\" data-id=\"1cfa55a\" data-element_type=\"column\">\n\t\t\t<div class=\"elementor-widget-wrap elementor-element-populated\">\n\t\t\t\t\t\t\t\t<div class=\"elementor-element elementor-element-e440895 elementor-widget elementor-widget-text-editor\" data-id=\"e440895\" data-element_type=\"widget\" data-widget_type=\"text-editor.default\">\n\t\t\t\t<div class=\"elementor-widget-container\">\n\t\t\t\t\t\t\t<p>La soci\u00e9t\u00e9 Przedsi\u0119biorstwo Wielobran\u017cowe CEZALEX Cezary Mierzejewski est entr\u00e9e sur les march\u00e9s \u00e9trangers d&rsquo;Italie et de Grande-Bretagne avec un produit sous forme de copeaux de bois destin\u00e9 aux industries du meuble, de la construction, du papier, du jardinage, de l&rsquo;agriculture, de l&rsquo;\u00e9nergie et des animaux de compagnie.<\/p><p>Objectif et effet pr\u00e9vu du projet\u00a0:<\/p><p>L\u2019entreprise s\u2019attend \u00e0 ce que du fait de l\u2019internationalisation :<br \/>a) acqu\u00e9rira de nouveaux march\u00e9s \u00e9trangers tels que la Grande-Bretagne et l&rsquo;Italie ;<br \/>b) augmentera les revenus d&rsquo;au moins 40 % d&rsquo;ici fin 2023\u00a0;<br \/>c) d\u00e9veloppera ses activit\u00e9s gr\u00e2ce aux nouvelles exp\u00e9riences acquises gr\u00e2ce \u00e0 la coop\u00e9ration \u00e9conomique internationale ;<br \/>d) obtiendra une augmentation des revenus, ce qui permettra \u00e0 son tour de nouveaux investissements dans les infrastructures et un d\u00e9veloppement ult\u00e9rieur du potentiel de production et de services\u00a0;<br \/>e) \u00e9tablir de nouveaux contacts internationaux, ce qui permettra une nouvelle expansion \u00e0 l&rsquo;\u00e9tranger sur de nouveaux march\u00e9s<\/p>\t\t\t\t\t\t<\/div>\n\t\t\t\t<\/div>\n\t\t\t\t\t<\/div>\n\t\t<\/div>\n\t\t\t\t\t\t\t<\/div>\n\t\t<\/section>\n\t\t\t\t<section class=\"elementor-section elementor-top-section elementor-element elementor-element-1fb71da elementor-section-boxed elementor-section-height-default elementor-section-height-default\" data-id=\"1fb71da\" data-element_type=\"section\">\n\t\t\t\t\t\t<div class=\"elementor-container elementor-column-gap-default\">\n\t\t\t\t\t<div class=\"elementor-column elementor-col-100 elementor-top-column elementor-element elementor-element-24b2013\" data-id=\"24b2013\" data-element_type=\"column\">\n\t\t\t<div class=\"elementor-widget-wrap elementor-element-populated\">\n\t\t\t\t\t\t\t\t<section class=\"elementor-section elementor-inner-section elementor-element elementor-element-ed0f3da elementor-section-boxed elementor-section-height-default elementor-section-height-default\" data-id=\"ed0f3da\" data-element_type=\"section\">\n\t\t\t\t\t\t<div class=\"elementor-container elementor-column-gap-default\">\n\t\t\t\t\t<div class=\"elementor-column elementor-col-50 elementor-inner-column elementor-element elementor-element-e932664\" data-id=\"e932664\" data-element_type=\"column\">\n\t\t\t<div class=\"elementor-widget-wrap elementor-element-populated\">\n\t\t\t\t\t\t\t\t<div class=\"elementor-element elementor-element-21fc994 elementor-widget elementor-widget-text-editor\" data-id=\"21fc994\" data-element_type=\"widget\" data-widget_type=\"text-editor.default\">\n\t\t\t\t<div class=\"elementor-widget-container\">\n\t\t\t\t\t\t\t<p><span style=\"color: #444444; font-family: Trebuchet MS, sans-serif;\"><span style=\"font-size: 12.6667px;\"><b>Effets mesurables de la mise en \u0153uvre du projet :<\/b><\/span><\/span><\/p>\n<p><span style=\"color: #444444; font-family: Trebuchet MS, sans-serif;\"><span style=\"font-size: 12.6667px;\">&#8211; Nombre de mod\u00e8les commerciaux d&rsquo;internationalisation pr\u00e9par\u00e9s pour la mise en \u0153uvre \u2013 1 ;<\/span><\/span><\/p>\n<p><span style=\"color: #444444; font-family: Trebuchet MS, sans-serif;\"><span style=\"font-size: 12.6667px;\">&#8211; Nombre de nouveaux march\u00e9s (pays) o\u00f9 le demandeur est pr\u00eat \u00e0 commencer \u00e0 vendre des produits &#8211; 2 ;<\/span><\/span><\/p>\n<p><span style=\"color: #444444; font-family: Trebuchet MS, sans-serif;\"><span style=\"font-size: 12.6667px;\">&#8211; Nombre de canaux de services de processus m\u00e9tier organis\u00e9s qui seront mis en \u0153uvre sur les march\u00e9s cibles \u2013 5.<\/span><\/span><\/p>\t\t\t\t\t\t<\/div>\n\t\t\t\t<\/div>\n\t\t\t\t\t<\/div>\n\t\t<\/div>\n\t\t\t\t<div class=\"elementor-column elementor-col-50 elementor-inner-column elementor-element elementor-element-f87c25f\" data-id=\"f87c25f\" data-element_type=\"column\">\n\t\t\t<div class=\"elementor-widget-wrap elementor-element-populated\">\n\t\t\t\t\t\t\t\t<div class=\"elementor-element elementor-element-68f5d7b elementor-widget elementor-widget-text-editor\" data-id=\"68f5d7b\" data-element_type=\"widget\" data-widget_type=\"text-editor.default\">\n\t\t\t\t<div class=\"elementor-widget-container\">\n\t\t\t\t\t\t\t<p>Valeur du projet\u00a0:<br \/>La valeur totale du projet est de 616 038,12 PLN (en lettres : six cent seize mille trente-huit zlotys 12\/100)<\/p><p>Contribution des fonds europ\u00e9ens :<br \/>Cofinancement de projet constituant une aide de minimis &#8211; 425 717,40 PLN (en lettres : quatre cent vingt-cinq mille sept cent dix-sept zlotys 40\/100)<\/p><p>D\u00e9lai de r\u00e9alisation :<br \/>01\/01\/2021 \u2013 31\/03\/2022<\/p>\t\t\t\t\t\t<\/div>\n\t\t\t\t<\/div>\n\t\t\t\t\t<\/div>\n\t\t<\/div>\n\t\t\t\t\t\t\t<\/div>\n\t\t<\/section>\n\t\t\t\t\t<\/div>\n\t\t<\/div>\n\t\t\t\t\t\t\t<\/div>\n\t\t<\/section>\n\t\t\t\t\t\t<\/div>\n\t\t\t\t\t<\/div>\n\t\t","protected":false},"excerpt":{"rendered":"<p>Titre du projet:Przedsi\u0119biorstwo Wielobran\u017cowe CEZALEX Cezary Mierzejewski est entr\u00e9 sur les march\u00e9s \u00e9trangers d&rsquo;Allemagne et de France avec un produit sous forme de lamelles en bois destin\u00e9 aux industries du meuble, de la construction et de la d\u00e9coration int\u00e9rieure.Objectif et effet pr\u00e9vu du projet\u00a0:L\u2019entreprise s\u2019attend \u00e0 ce que du fait de l\u2019internationalisation : 1. Acqu\u00e9rir [&hellip;]<\/p>\n","protected":false},"author":1,"featured_media":0,"parent":0,"menu_order":0,"comment_status":"closed","ping_status":"closed","template":"elementor_header_footer","meta":[],"_links":{"self":[{"href":"https:\/\/cezalex.eu\/fr\/wp-json\/wp\/v2\/pages\/1182"}],"collection":[{"href":"https:\/\/cezalex.eu\/fr\/wp-json\/wp\/v2\/pages"}],"about":[{"href":"https:\/\/cezalex.eu\/fr\/wp-json\/wp\/v2\/types\/page"}],"author":[{"embeddable":true,"href":"https:\/\/cezalex.eu\/fr\/wp-json\/wp\/v2\/users\/1"}],"replies":[{"embeddable":true,"href":"https:\/\/cezalex.eu\/fr\/wp-json\/wp\/v2\/comments?post=1182"}],"version-history":[{"count":4,"href":"https:\/\/cezalex.eu\/fr\/wp-json\/wp\/v2\/pages\/1182\/revisions"}],"predecessor-version":[{"id":1303,"href":"https:\/\/cezalex.eu\/fr\/wp-json\/wp\/v2\/pages\/1182\/revisions\/1303"}],"wp:attachment":[{"href":"https:\/\/cezalex.eu\/fr\/wp-json\/wp\/v2\/media?parent=1182"}],"curies":[{"name":"wp","href":"https:\/\/api.w.org\/{rel}","templated":true}]}}