{"id":1186,"date":"2022-01-19T12:07:12","date_gmt":"2022-01-19T11:07:12","guid":{"rendered":"https:\/\/cezalex.eu\/produkty\/"},"modified":"2024-01-24T12:56:19","modified_gmt":"2024-01-24T11:56:19","slug":"produkty","status":"publish","type":"page","link":"https:\/\/cezalex.eu\/fr\/produkty\/","title":{"rendered":"Des produits"},"content":{"rendered":"\t\t<div data-elementor-type=\"page\" data-elementor-id=\"1208\" class=\"elementor elementor-1208 elementor-76\" data-elementor-settings=\"[]\">\n\t\t\t\t\t\t\t<div class=\"elementor-section-wrap\">\n\t\t\t\t\t\t\t<section class=\"elementor-section elementor-top-section elementor-element elementor-element-5180b4b2 elementor-section-height-min-height elementor-section-boxed elementor-section-height-default elementor-section-items-middle\" data-id=\"5180b4b2\" data-element_type=\"section\" data-settings=\"{&quot;background_background&quot;:&quot;classic&quot;}\">\n\t\t\t\t\t\t\t<div class=\"elementor-background-overlay\"><\/div>\n\t\t\t\t\t\t\t<div class=\"elementor-container elementor-column-gap-default\">\n\t\t\t\t\t<div class=\"elementor-column elementor-col-100 elementor-top-column elementor-element elementor-element-279c0232\" data-id=\"279c0232\" data-element_type=\"column\">\n\t\t\t<div class=\"elementor-widget-wrap elementor-element-populated\">\n\t\t\t\t\t\t\t\t<div class=\"elementor-element elementor-element-326c50bd elementor-widget elementor-widget-heading\" data-id=\"326c50bd\" data-element_type=\"widget\" data-widget_type=\"heading.default\">\n\t\t\t\t<div class=\"elementor-widget-container\">\n\t\t\t<style>\/*! elementor - v3.5.3 - 28-12-2021 *\/\n.elementor-heading-title{padding:0;margin:0;line-height:1}.elementor-widget-heading .elementor-heading-title[class*=elementor-size-]>a{color:inherit;font-size:inherit;line-height:inherit}.elementor-widget-heading .elementor-heading-title.elementor-size-small{font-size:15px}.elementor-widget-heading .elementor-heading-title.elementor-size-medium{font-size:19px}.elementor-widget-heading .elementor-heading-title.elementor-size-large{font-size:29px}.elementor-widget-heading .elementor-heading-title.elementor-size-xl{font-size:39px}.elementor-widget-heading .elementor-heading-title.elementor-size-xxl{font-size:59px}<\/style><h1 class=\"elementor-heading-title elementor-size-default\">Nos produits<\/h1>\t\t<\/div>\n\t\t\t\t<\/div>\n\t\t\t\t\t<\/div>\n\t\t<\/div>\n\t\t\t\t\t\t\t<\/div>\n\t\t<\/section>\n\t\t\t\t<section class=\"elementor-section elementor-top-section elementor-element elementor-element-6a506ddf elementor-section-boxed elementor-section-height-default elementor-section-height-default\" data-id=\"6a506ddf\" data-element_type=\"section\">\n\t\t\t\t\t\t<div class=\"elementor-container elementor-column-gap-default\">\n\t\t\t\t\t<div class=\"elementor-column elementor-col-100 elementor-top-column elementor-element elementor-element-267c2048\" data-id=\"267c2048\" data-element_type=\"column\">\n\t\t\t<div class=\"elementor-widget-wrap elementor-element-populated\">\n\t\t\t\t\t\t\t\t<div class=\"elementor-element elementor-element-60a7da8a elementor-widget elementor-widget-heading\" data-id=\"60a7da8a\" data-element_type=\"widget\" data-widget_type=\"heading.default\">\n\t\t\t\t<div class=\"elementor-widget-container\">\n\t\t\t<span class=\"elementor-heading-title elementor-size-default\">Depuis 2005<\/span>\t\t<\/div>\n\t\t\t\t<\/div>\n\t\t\t\t<div class=\"elementor-element elementor-element-4431e352 elementor-widget elementor-widget-heading\" data-id=\"4431e352\" data-element_type=\"widget\" data-widget_type=\"heading.default\">\n\t\t\t\t<div class=\"elementor-widget-container\">\n\t\t\t<h2 class=\"elementor-heading-title elementor-size-default\">En savoir plus sur nos produits<\/h2>\t\t<\/div>\n\t\t\t\t<\/div>\n\t\t\t\t<div class=\"elementor-element elementor-element-6db5cc53 elementor-tabs-view-vertical elementor-invisible elementor-widget elementor-widget-tabs\" data-id=\"6db5cc53\" data-element_type=\"widget\" data-settings=\"{&quot;_animation&quot;:&quot;fadeIn&quot;}\" data-widget_type=\"tabs.default\">\n\t\t\t\t<div class=\"elementor-widget-container\">\n\t\t\t<style>\/*! elementor - v3.5.3 - 28-12-2021 *\/\n.elementor-widget-tabs.elementor-tabs-view-vertical .elementor-tabs-wrapper{width:25%;-ms-flex-negative:0;flex-shrink:0}.elementor-widget-tabs.elementor-tabs-view-vertical .elementor-tab-desktop-title.elementor-active{border-right-style:none}.elementor-widget-tabs.elementor-tabs-view-vertical .elementor-tab-desktop-title.elementor-active:after,.elementor-widget-tabs.elementor-tabs-view-vertical .elementor-tab-desktop-title.elementor-active:before{height:999em;width:0;right:0;border-right-style:solid}.elementor-widget-tabs.elementor-tabs-view-vertical .elementor-tab-desktop-title.elementor-active:before{top:0;-webkit-transform:translateY(-100%);-ms-transform:translateY(-100%);transform:translateY(-100%)}.elementor-widget-tabs.elementor-tabs-view-vertical .elementor-tab-desktop-title.elementor-active:after{top:100%}.elementor-widget-tabs.elementor-tabs-view-horizontal .elementor-tab-desktop-title{display:table-cell}.elementor-widget-tabs.elementor-tabs-view-horizontal .elementor-tab-desktop-title.elementor-active{border-bottom-style:none}.elementor-widget-tabs.elementor-tabs-view-horizontal .elementor-tab-desktop-title.elementor-active:after,.elementor-widget-tabs.elementor-tabs-view-horizontal .elementor-tab-desktop-title.elementor-active:before{bottom:0;height:0;width:999em;border-bottom-style:solid}.elementor-widget-tabs.elementor-tabs-view-horizontal .elementor-tab-desktop-title.elementor-active:before{right:100%}.elementor-widget-tabs.elementor-tabs-view-horizontal .elementor-tab-desktop-title.elementor-active:after{left:100%}.elementor-widget-tabs .elementor-tab-content,.elementor-widget-tabs .elementor-tab-title,.elementor-widget-tabs .elementor-tab-title:after,.elementor-widget-tabs .elementor-tab-title:before,.elementor-widget-tabs .elementor-tabs-content-wrapper{border:1px #d4d4d4}.elementor-widget-tabs .elementor-tabs{text-align:left}.elementor-widget-tabs .elementor-tabs-wrapper{overflow:hidden}.elementor-widget-tabs .elementor-tab-title{cursor:pointer;outline:var(--focus-outline,none)}.elementor-widget-tabs .elementor-tab-desktop-title{position:relative;padding:20px 25px;font-weight:700;line-height:1;border:solid transparent}.elementor-widget-tabs .elementor-tab-desktop-title.elementor-active{border-color:#d4d4d4}.elementor-widget-tabs .elementor-tab-desktop-title.elementor-active:after,.elementor-widget-tabs .elementor-tab-desktop-title.elementor-active:before{display:block;content:\"\";position:absolute}.elementor-widget-tabs .elementor-tab-mobile-title{padding:10px;cursor:pointer}.elementor-widget-tabs .elementor-tab-content{padding:20px;display:none}@media (max-width:767px){.elementor-tabs .elementor-tab-content,.elementor-tabs .elementor-tab-title{border-style:solid solid none}.elementor-tabs .elementor-tabs-wrapper{display:none}.elementor-tabs .elementor-tabs-content-wrapper{border-bottom-style:solid}.elementor-tabs .elementor-tab-content{padding:10px}}@media (min-width:768px){.elementor-widget-tabs.elementor-tabs-view-vertical .elementor-tabs{display:-webkit-box;display:-ms-flexbox;display:flex}.elementor-widget-tabs.elementor-tabs-view-vertical .elementor-tabs-wrapper{-webkit-box-orient:vertical;-webkit-box-direction:normal;-ms-flex-direction:column;flex-direction:column}.elementor-widget-tabs.elementor-tabs-view-vertical .elementor-tabs-content-wrapper{-webkit-box-flex:1;-ms-flex-positive:1;flex-grow:1;border-style:solid solid solid none}.elementor-widget-tabs.elementor-tabs-view-horizontal .elementor-tab-content{border-style:none solid solid}.elementor-widget-tabs.elementor-tabs-alignment-center .elementor-tabs-wrapper,.elementor-widget-tabs.elementor-tabs-alignment-end .elementor-tabs-wrapper,.elementor-widget-tabs.elementor-tabs-alignment-stretch .elementor-tabs-wrapper{display:-webkit-box;display:-ms-flexbox;display:flex}.elementor-widget-tabs.elementor-tabs-alignment-center .elementor-tabs-wrapper{-webkit-box-pack:center;-ms-flex-pack:center;justify-content:center}.elementor-widget-tabs.elementor-tabs-alignment-end .elementor-tabs-wrapper{-webkit-box-pack:end;-ms-flex-pack:end;justify-content:flex-end}.elementor-widget-tabs.elementor-tabs-alignment-stretch.elementor-tabs-view-horizontal .elementor-tab-title{width:100%}.elementor-widget-tabs.elementor-tabs-alignment-stretch.elementor-tabs-view-vertical .elementor-tab-title{height:100%}.elementor-tabs .elementor-tab-mobile-title{display:none}}<\/style>\t\t<div class=\"elementor-tabs\">\n\t\t\t<div class=\"elementor-tabs-wrapper\" role=\"tablist\" >\n\t\t\t\t\t\t\t\t\t<div id=\"elementor-tab-title-1841\" class=\"elementor-tab-title elementor-tab-desktop-title\" aria-selected=\"true\" data-tab=\"1\" role=\"tab\" tabindex=\"0\" aria-controls=\"elementor-tab-content-1841\" aria-expanded=\"false\">Lamelles de CH\u00caNE<\/div>\n\t\t\t\t\t\t\t\t\t<div id=\"elementor-tab-title-1842\" class=\"elementor-tab-title elementor-tab-desktop-title\" aria-selected=\"false\" data-tab=\"2\" role=\"tab\" tabindex=\"-1\" aria-controls=\"elementor-tab-content-1842\" aria-expanded=\"false\">PUCES PUCES<\/div>\n\t\t\t\t\t\t\t\t\t<div id=\"elementor-tab-title-1843\" class=\"elementor-tab-title elementor-tab-desktop-title\" aria-selected=\"false\" data-tab=\"3\" role=\"tab\" tabindex=\"-1\" aria-controls=\"elementor-tab-content-1843\" aria-expanded=\"false\">PLANCHES DE CH\u00caNE SUPERPOS\u00c9ES<\/div>\n\t\t\t\t\t\t\t\t\t<div id=\"elementor-tab-title-1844\" class=\"elementor-tab-title elementor-tab-desktop-title\" aria-selected=\"false\" data-tab=\"4\" role=\"tab\" tabindex=\"-1\" aria-controls=\"elementor-tab-content-1844\" aria-expanded=\"false\">PLACAGES<\/div>\n\t\t\t\t\t\t\t\t\t<div id=\"elementor-tab-title-1845\" class=\"elementor-tab-title elementor-tab-desktop-title\" aria-selected=\"false\" data-tab=\"5\" role=\"tab\" tabindex=\"-1\" aria-controls=\"elementor-tab-content-1845\" aria-expanded=\"false\">BOIS<\/div>\n\t\t\t\t\t\t\t<\/div>\n\t\t\t<div class=\"elementor-tabs-content-wrapper\" role=\"tablist\" aria-orientation=\"vertical\">\n\t\t\t\t\t\t\t\t\t<div class=\"elementor-tab-title elementor-tab-mobile-title\" aria-selected=\"true\" data-tab=\"1\" role=\"tab\" tabindex=\"0\" aria-controls=\"elementor-tab-content-1841\" aria-expanded=\"false\">Lamelles de CH\u00caNE<\/div>\n\t\t\t\t\t<div id=\"elementor-tab-content-1841\" class=\"elementor-tab-content elementor-clearfix\" data-tab=\"1\" role=\"tabpanel\" aria-labelledby=\"elementor-tab-title-1841\" tabindex=\"0\" hidden=\"false\"><p>Lamela \u2013 c&rsquo;est une planche de plusieurs millim\u00e8tres d&rsquo;\u00e9paisseur, utilis\u00e9e pour la production de planches stratifi\u00e9es, d&rsquo;escaliers, de meubles et d&rsquo;accessoires en bois. Il est possible de r\u00e9aliser des lattes selon les sp\u00e9cifications du client, en tenant compte, entre autres, de la taille, de la classe et de la couleur du produit cible. Notre offre comprend \u00e9galement un service de fumage du mat\u00e9riel confi\u00e9.<\/p><p>Nous produisons des lattes dans les classes suivantes\u00a0:<\/p><p>Premi\u00e8re classe,<br \/>Classe A,<br \/>Classe B,<br \/>classe R1,<br \/>Classe R2<\/p><p>Dimensions des lattes :<\/p><p>2-10 mm x 95 x 620-1220<br \/>2-10 mm x 110 x 620-1220<br \/>2-10 mm x 145 x 620 \u2013 2420<br \/>2-10 mm x 160 x 620 \u2013 2420<br \/>2-10 mm x 190 x 620 \u2013 2420<br \/>2-10 mm x 220 x 620 \u2013 2420<br \/>2 -10 mm x 250 (270 300)- 620 \u2013 2420<\/p><p>Couleurs disponibles :<\/p><p>marron clair \u2013 marron clair<br \/>moyen \u2013 moyen<br \/>fonc\u00e9 (standard fum\u00e9)<\/p><\/div>\n\t\t\t\t\t\t\t\t\t<div class=\"elementor-tab-title elementor-tab-mobile-title\" aria-selected=\"false\" data-tab=\"2\" role=\"tab\" tabindex=\"-1\" aria-controls=\"elementor-tab-content-1842\" aria-expanded=\"false\">PUCES PUCES<\/div>\n\t\t\t\t\t<div id=\"elementor-tab-content-1842\" class=\"elementor-tab-content elementor-clearfix\" data-tab=\"2\" role=\"tabpanel\" aria-labelledby=\"elementor-tab-title-1842\" tabindex=\"0\" hidden=\"hidden\"><p>Les copeaux de bois sont des boutures de bois de diff\u00e9rentes tailles (de 5 \u00e0 100 millim\u00e8tres), caract\u00e9ris\u00e9es par des formes irr\u00e9guli\u00e8res. Pour fabriquer un produit de haute qualit\u00e9, CEZALEX utilise de nombreux types d&rsquo;arbres typiques des for\u00eats de Varmie-Mazurie. Ces esp\u00e8ces d&rsquo;arbres (tant conif\u00e8res que feuillus) se caract\u00e9risent par une valeur calorique \u00e9lev\u00e9e, notamment les troncs d&rsquo;aulne, de bouleau, d&rsquo;\u00e9pic\u00e9a, de charme, de ch\u00eane, de h\u00eatre et de pin. Notre produit est universel et peut s\u2019adresser \u00e0 des clients op\u00e9rant dans diverses industries.<\/p><p>Les puces que nous produisons r\u00e9pondent aux exigences de la norme polonaise PN EN 14961-4:2011, de la norme autrichienne \u00d6NORM M-7133 et de la norme allemande DIN 51900.<\/p><p>Les copeaux de bois produits par PW CEZALEX &#8211; outre le secteur de l&rsquo;\u00e9nergie &#8211; sont \u00e9galement destin\u00e9s aux repr\u00e9sentants des industries du papier et de la cellulose, de l&rsquo;ameublement, du jardinage et des animaux de compagnie. La possibilit\u00e9 d&rsquo;utiliser des copeaux de bois dans des industries particuli\u00e8res est d\u00e9termin\u00e9e principalement par des propri\u00e9t\u00e9s telles que : l&rsquo;essence de bois, sa teneur en humidit\u00e9, sa fraction et son niveau de contamination (quantit\u00e9 de poussi\u00e8re, terre, aiguilles de pin).<\/p><p>\u00a0<\/p><p>Industrie \u00e9nerg\u00e9tique &#8211; les installations de chauffage \u00e0 copeaux de bois se caract\u00e9risent par une combustion propre, ce qui contribue \u00e0 minimiser les \u00e9missions de gaz \u00e0 effet de serre dans l&rsquo;atmosph\u00e8re. Le combustible doit \u00eatre plac\u00e9 dans une chambre sp\u00e9ciale et le br\u00fbleur doit \u00eatre d\u00e9marr\u00e9. Les copeaux de bois carbonis\u00e9s produisent du charbon de bois. Le gaz obtenu est ensuite filtr\u00e9 des substances nocives, ce qui a un impact positif sur l&rsquo;environnement. Une partie des gaz d&rsquo;\u00e9chappement retourne dans la zone de combustion. Tout cela rend ce proc\u00e9d\u00e9 tr\u00e8s efficace et \u00e9cologique. Peu de gaz d\u2019\u00e9chappement p\u00e9n\u00e8trent dans l\u2019atmosph\u00e8re et le chauffage est bon march\u00e9 et pratique.<\/p><p>La pyrolyse (gaz\u00e9ification) est un autre domaine qui utilise des copeaux de bois.<\/p><p>L&rsquo;industrie du papier et de la cellulose \u2192 utilise volontiers des copeaux en forme de losange de dimensions 5-50 mm x 10-20 mm. La digestion de copeaux de bois nettoy\u00e9s et broy\u00e9s avec des substances \u00e0 base de soufre est l&rsquo;une des m\u00e9thodes d&rsquo;obtention de cellulose. On estime que la moiti\u00e9 du bois commercialis\u00e9 dans le monde sert \u00e0 produire du papier.<\/p><p>Industrie du meuble \u2192 le mat\u00e9riau de base pour la production de meubles et de produits de finition int\u00e9rieure (tels que les bandes d\u00e9coratives et les panneaux muraux) sont les panneaux de particules et les panneaux de fibres MDF, fabriqu\u00e9s \u00e0 partir de copeaux de bois. Ici, les copeaux de bois sont faciles \u00e0 broyer, peuvent avoir diverses propri\u00e9t\u00e9s (telles que la r\u00e9sistance \u00e0 l&rsquo;humidit\u00e9) et servir de substrat pour les placages.<\/p><p>Industrie de la construction \u2192 Les panneaux OSB sont couramment utilis\u00e9s dans la finition des maisons et des int\u00e9rieurs, ainsi que dans les structures des b\u00e2timents. Les copeaux de bois sont un mat\u00e9riau naturel pour la production de ce type de planches. Ces panneaux sont \u00e9galement utilis\u00e9s dans les structures porteuses, les rev\u00eatements de murs et de toitures int\u00e9rieurs et ext\u00e9rieurs, les structures de charpente, les rev\u00eatements de sols et de plafonds, les rev\u00eatements de sol sur solives, etc.<\/p><p>Secteur horticole \u2192 Les copeaux de bois sont un excellent isolant, qui prot\u00e8ge le sol contre les effets n\u00e9gatifs des intemp\u00e9ries (les probl\u00e8mes li\u00e9s au gel excessif du sol en hiver et \u00e0 son \u00e9chauffement excessif en \u00e9t\u00e9 sont \u00e9limin\u00e9s). Les copeaux de bois offrent \u00e9galement une protection contre les mauvaises herbes et constituent un moyen naturel de retenir l\u2019humidit\u00e9 et d\u2019a\u00e9rer le sol. Apr\u00e8s coloration, ils constituent un \u00e9l\u00e9ment d\u00e9coratif attrayant.<\/p><p>Secteur zoologique \u2192 une autre application des copeaux de bois est de l&rsquo;utiliser comme substrat pour terrariums secs, liti\u00e8re utilis\u00e9e par les \u00e9leveurs dans les haras ou comme substrat naturel pour cages de petits animaux domestiques (cages \u00e0 rongeurs, mais aussi liti\u00e8res pour chats ou liti\u00e8res pour volailles) .<\/p><p>\u00a0<\/p><p>LES COPETS DE BOIS EN CHIFFRES<br \/>1 mpl de copeaux = environ 0,35 m3 de bois massif<br \/>1 tonne de copeaux de bois = environ 4 m3<br \/>1 tonne de copeaux de bois = contient environ 1,4 m3 de bois massif<br \/>1 mpl de bois = 2 mpl de copeaux<br \/>1 m3 de bois massif = 2,8 mpl de copeaux l\u00e2chement tass\u00e9s<br \/>1 ml de copeaux de bois p\u00e8se 250 \u00e0 300 kg<br \/>1 m3 de bois massif p\u00e8se environ 730 kg<br \/>1 ml de copeaux de bois = environ 65 \u2013 75 litres de fioul<br \/>1 mpl de copeaux de bois = 4 GJ<br \/>1 m3 de bois massif = 11,2 GJ<br \/>1 tonne de copeaux de bois = 13,2 GJ<br \/>1 kg de copeaux de bois = environ 4,4 kWh<br \/>1 kg de copeaux de bois = 0,24 \u2013 0,42 kg de fioul = 0,27 \u2013 0,51 m3 de gaz naturel = 0,45 \u2013 0,81 kg de houille<\/p><p>O\u00f9:<\/p><p>m3 &#8211; m\u00e8tre cube ; (par exemple une portion de bois massif occupant un volume de 1 m3)<br \/>mp &#8211; m\u00e8tre spatial, portion de bois empil\u00e9 compt\u00e9e avec les espaces libres entre les morceaux de bois, occupant un volume de 1 m3<br \/>mpl &#8211; m\u00e8tre spatial de bois d\u00e9chiquet\u00e9 (copeaux, pellets, sciure, copeaux) empil\u00e9s librement, occupant un volume de 1 m3<\/p><\/div>\n\t\t\t\t\t\t\t\t\t<div class=\"elementor-tab-title elementor-tab-mobile-title\" aria-selected=\"false\" data-tab=\"3\" role=\"tab\" tabindex=\"-1\" aria-controls=\"elementor-tab-content-1843\" aria-expanded=\"false\">PLANCHES DE CH\u00caNE SUPERPOS\u00c9ES<\/div>\n\t\t\t\t\t<div id=\"elementor-tab-content-1843\" class=\"elementor-tab-content elementor-clearfix\" data-tab=\"3\" role=\"tabpanel\" aria-labelledby=\"elementor-tab-title-1843\" tabindex=\"0\" hidden=\"hidden\"><p>Les planches stratifi\u00e9es sont fabriqu\u00e9es \u00e0 100 % en bois naturel. Ils combinent parfaitement l&rsquo;utilit\u00e9 et la beaut\u00e9 du bois avec une r\u00e9sistance \u00e9lev\u00e9e \u00e0 l&rsquo;abrasion et une facilit\u00e9 d&rsquo;installation. Du fait que le mat\u00e9riau est pos\u00e9 en plusieurs couches, les probl\u00e8mes li\u00e9s \u00e0 l&rsquo;instabilit\u00e9 ou \u00e0 la d\u00e9formation du bois disparaissent &#8211; la structure du sol devient tr\u00e8s solide. Les panneaux multicouches offrent une excellente isolation thermique et acoustique.<\/p><p>Nous proposons \u00e9galement une couche de support pour les parquets multicouches. Nos clients peuvent choisir la taille, la classe et la couleur du produit cible.<\/p><p>Nous produisons des panneaux sandwich dans les classes suivantes\u00a0:<\/p><p>Premi\u00e8re classe,<br \/>Classe A,<br \/>Classe B,<br \/>classe R1,<br \/>Classe R2<\/p><p>Tailles\u00a0:<\/p><p>largeur 240 mm,<\/p><p>longueur de 600 mm \u00e0 2500 mm,<\/p><p>\u00e9paisseur de 14 mm \u00e0 16 mm selon l&rsquo;\u00e9paisseur de la couche de support<\/p><p>largeur 180 mm,<\/p><p>longueur de 600 mm \u00e0 2500 mm,<\/p><p>\u00e9paisseur de 14 mm \u00e0 16 mm selon l&rsquo;\u00e9paisseur de la couche de support<\/p><p>largeur 140 mm,<\/p><p>longueur de 1000 mm \u00e0 2000 mm,<\/p><p>\u00e9paisseur de 14 mm \u00e0 16 mm selon l&rsquo;\u00e9paisseur de la couche de support<\/p><p>largeur 90 mm,<\/p><p>longueur de 600 mm \u00e0 1200 mm,<\/p><p>\u00e9paisseur de 14 mm \u00e0 16 mm selon l&rsquo;\u00e9paisseur de la couche de support<\/p><p>Couleurs de fumage en ch\u00eane disponibles\u00a0:<\/p><p>marron clair \u2013 marron clair<br \/>moyen \u2013 moyen<br \/>fonc\u00e9 (standard fum\u00e9)<\/p><p>Options additionelles:<\/p><p>graissage<br \/>vernissage<br \/>brossage<br \/>chanfreinage<br \/>teinture selon les directives du client<\/p><\/div>\n\t\t\t\t\t\t\t\t\t<div class=\"elementor-tab-title elementor-tab-mobile-title\" aria-selected=\"false\" data-tab=\"4\" role=\"tab\" tabindex=\"-1\" aria-controls=\"elementor-tab-content-1844\" aria-expanded=\"false\">PLACAGES<\/div>\n\t\t\t\t\t<div id=\"elementor-tab-content-1844\" class=\"elementor-tab-content elementor-clearfix\" data-tab=\"4\" role=\"tabpanel\" aria-labelledby=\"elementor-tab-title-1844\" tabindex=\"0\" hidden=\"hidden\"><p>Notre offre comprend des placages naturels, largement utilis\u00e9s dans l&rsquo;industrie du meuble, la production de portes et la d\u00e9coration int\u00e9rieure.<\/p><p>Nos clients peuvent choisir la taille, la classe et la couleur du produit cible.<\/p><p>Longueur selon la demande du client<\/p><p>\u00c9paisseur : 0,55 mm ; 0,60\u00a0mm\u00a0; 1,00 mm\u00a0; 1,5 mm\u00a0; 2,00\u00a0mm\u00a0; 2,5 mm<\/p><p>Cours de qualit\u00e9 :<\/p><p>Moi, II, III<\/p><p>Couleurs disponibles :<\/p><p>marron clair \u2013 marron clair<br \/>moyen \u2013 moyen<br \/>fonc\u00e9 (standard fum\u00e9)<\/p><\/div>\n\t\t\t\t\t\t\t\t\t<div class=\"elementor-tab-title elementor-tab-mobile-title\" aria-selected=\"false\" data-tab=\"5\" role=\"tab\" tabindex=\"-1\" aria-controls=\"elementor-tab-content-1845\" aria-expanded=\"false\">BOIS<\/div>\n\t\t\t\t\t<div id=\"elementor-tab-content-1845\" class=\"elementor-tab-content elementor-clearfix\" data-tab=\"5\" role=\"tabpanel\" aria-labelledby=\"elementor-tab-title-1845\" tabindex=\"0\" hidden=\"hidden\"><p>Nous produisons des sciages de ch\u00eane sec d&rsquo;une \u00e9paisseur de 26 mm dans les classes A B C.<\/p><p>Nous proposons le produit fini dans des longueurs de 2,20 m \u00e0 5,0 m.<\/p><p>D&rsquo;autres longueurs sont r\u00e9alis\u00e9es sur demande.<\/p><p>Nous garantissons une haute qualit\u00e9.<\/p><p>Cours disponibles :<\/p><p>Classe A<\/p><p>Classe B<\/p><p>Classe C<\/p><\/div>\n\t\t\t\t\t\t\t<\/div>\n\t\t<\/div>\n\t\t\t\t<\/div>\n\t\t\t\t<\/div>\n\t\t\t\t\t<\/div>\n\t\t<\/div>\n\t\t\t\t\t\t\t<\/div>\n\t\t<\/section>\n\t\t\t\t\t\t<\/div>\n\t\t\t\t\t<\/div>\n\t\t\n","protected":false},"excerpt":{"rendered":"","protected":false},"author":1,"featured_media":0,"parent":0,"menu_order":0,"comment_status":"closed","ping_status":"closed","template":"elementor_header_footer","meta":[],"_links":{"self":[{"href":"https:\/\/cezalex.eu\/fr\/wp-json\/wp\/v2\/pages\/1186"}],"collection":[{"href":"https:\/\/cezalex.eu\/fr\/wp-json\/wp\/v2\/pages"}],"about":[{"href":"https:\/\/cezalex.eu\/fr\/wp-json\/wp\/v2\/types\/page"}],"author":[{"embeddable":true,"href":"https:\/\/cezalex.eu\/fr\/wp-json\/wp\/v2\/users\/1"}],"replies":[{"embeddable":true,"href":"https:\/\/cezalex.eu\/fr\/wp-json\/wp\/v2\/comments?post=1186"}],"version-history":[{"count":1,"href":"https:\/\/cezalex.eu\/fr\/wp-json\/wp\/v2\/pages\/1186\/revisions"}],"predecessor-version":[{"id":1235,"href":"https:\/\/cezalex.eu\/fr\/wp-json\/wp\/v2\/pages\/1186\/revisions\/1235"}],"wp:attachment":[{"href":"https:\/\/cezalex.eu\/fr\/wp-json\/wp\/v2\/media?parent=1186"}],"curies":[{"name":"wp","href":"https:\/\/api.w.org\/{rel}","templated":true}]}}