{"id":696,"date":"2022-02-28T14:47:57","date_gmt":"2022-02-28T13:47:57","guid":{"rendered":"https:\/\/cezalex.eu\/?page_id=696"},"modified":"2024-01-31T11:31:45","modified_gmt":"2024-01-31T10:31:45","slug":"progetti","status":"publish","type":"page","link":"https:\/\/cezalex.eu\/it\/progetti\/","title":{"rendered":"PROGETTI"},"content":{"rendered":"\t\t<div data-elementor-type=\"wp-page\" data-elementor-id=\"696\" class=\"elementor elementor-696 elementor-127\" data-elementor-settings=\"[]\">\n\t\t\t\t\t\t\t<div class=\"elementor-section-wrap\">\n\t\t\t\t\t\t\t<section class=\"elementor-section elementor-top-section elementor-element elementor-element-1eac6bcc elementor-section-boxed elementor-section-height-default elementor-section-height-default\" data-id=\"1eac6bcc\" data-element_type=\"section\">\n\t\t\t\t\t\t<div class=\"elementor-container elementor-column-gap-default\">\n\t\t\t\t\t<div class=\"elementor-column elementor-col-100 elementor-top-column elementor-element elementor-element-31bfc5a0\" data-id=\"31bfc5a0\" data-element_type=\"column\">\n\t\t\t<div class=\"elementor-widget-wrap elementor-element-populated\">\n\t\t\t\t\t\t\t\t<div class=\"elementor-element elementor-element-5e4f9095 elementor-widget elementor-widget-text-editor\" data-id=\"5e4f9095\" data-element_type=\"widget\" data-widget_type=\"text-editor.default\">\n\t\t\t\t<div class=\"elementor-widget-container\">\n\t\t\t<style>\/*! elementor - v3.5.3 - 28-12-2021 *\/\n.elementor-widget-text-editor.elementor-drop-cap-view-stacked .elementor-drop-cap{background-color:#818a91;color:#fff}.elementor-widget-text-editor.elementor-drop-cap-view-framed .elementor-drop-cap{color:#818a91;border:3px solid;background-color:transparent}.elementor-widget-text-editor:not(.elementor-drop-cap-view-default) .elementor-drop-cap{margin-top:8px}.elementor-widget-text-editor:not(.elementor-drop-cap-view-default) .elementor-drop-cap-letter{width:1em;height:1em}.elementor-widget-text-editor .elementor-drop-cap{float:left;text-align:center;line-height:1;font-size:50px}.elementor-widget-text-editor .elementor-drop-cap-letter{display:inline-block}<\/style>\t\t\t\t\t\t\t\t\t\t<\/div>\n\t\t\t\t<\/div>\n\t\t\t\t\t<\/div>\n\t\t<\/div>\n\t\t\t\t\t\t\t<\/div>\n\t\t<\/section>\n\t\t\t\t<section class=\"elementor-section elementor-top-section elementor-element elementor-element-45109f98 elementor-section-boxed elementor-section-height-default elementor-section-height-default\" data-id=\"45109f98\" data-element_type=\"section\">\n\t\t\t\t\t\t<div class=\"elementor-container elementor-column-gap-default\">\n\t\t\t\t\t<div class=\"elementor-column elementor-col-100 elementor-top-column elementor-element elementor-element-101a761f\" data-id=\"101a761f\" data-element_type=\"column\">\n\t\t\t<div class=\"elementor-widget-wrap elementor-element-populated\">\n\t\t\t\t\t\t\t\t<section class=\"elementor-section elementor-inner-section elementor-element elementor-element-1229b4ba elementor-section-boxed elementor-section-height-default elementor-section-height-default\" data-id=\"1229b4ba\" data-element_type=\"section\">\n\t\t\t\t\t\t<div class=\"elementor-container elementor-column-gap-default\">\n\t\t\t\t\t<div class=\"elementor-column elementor-col-50 elementor-inner-column elementor-element elementor-element-1077ae91\" data-id=\"1077ae91\" data-element_type=\"column\">\n\t\t\t<div class=\"elementor-widget-wrap elementor-element-populated\">\n\t\t\t\t\t\t\t\t<div class=\"elementor-element elementor-element-4843b50a elementor-widget elementor-widget-text-editor\" data-id=\"4843b50a\" data-element_type=\"widget\" data-widget_type=\"text-editor.default\">\n\t\t\t\t<div class=\"elementor-widget-container\">\n\t\t\t\t\t\t\t<p><b>Titolo del progetto:<\/b><br \/>Przedsi\u0119biorstwo Wielobran\u017cowe CEZALEX Cezary Mierzejewski \u00e8 entrato nei mercati esteri di Germania e Francia con un prodotto sotto forma di lamelle di legno dedicato all&#8217;industria del mobile, dell&#8217;edilizia e dell&#8217;interior design.<br \/>Obiettivo ed effetto previsto del progetto:<br \/>L\u2019azienda si aspetta che a seguito dell\u2019internazionalizzazione:<\/p><p>1. Acquisire nuovi mercati esteri come Germania e Francia;<br \/>2. Aumento dei ricavi attraverso l\u2019aumento delle esportazioni;<br \/>3. Sviluppo del business grazie all&#8217;esperienza acquisita attraverso la cooperazione economica internazionale;<br \/>4. Aumento del reddito, che consentir\u00e0 nuovi investimenti.<br \/>5. Stabilire potenziali contatti internazionali.<\/p><p>\u00a0<\/p><p><b>Effetti misurabili dell\u2019attuazione del progetto:<\/b><br \/>&#8211; Numero di modelli di business per l&#8217;internazionalizzazione preparati per l&#8217;implementazione \u2013 1;<br \/>&#8211; Numero di nuovi mercati (paesi) in cui il richiedente \u00e8 pronto per iniziare a vendere prodotti &#8211; 2;<br \/>&#8211; Numero di canali distributivi organizzati che verranno implementati sui mercati target \u2013 4<\/p><p>\u00a0<\/p>\t\t\t\t\t\t<\/div>\n\t\t\t\t<\/div>\n\t\t\t\t\t<\/div>\n\t\t<\/div>\n\t\t\t\t<div class=\"elementor-column elementor-col-50 elementor-inner-column elementor-element elementor-element-e34ffec\" data-id=\"e34ffec\" data-element_type=\"column\">\n\t\t\t<div class=\"elementor-widget-wrap elementor-element-populated\">\n\t\t\t\t\t\t\t\t<div class=\"elementor-element elementor-element-479c7011 elementor-widget elementor-widget-text-editor\" data-id=\"479c7011\" data-element_type=\"widget\" data-widget_type=\"text-editor.default\">\n\t\t\t\t<div class=\"elementor-widget-container\">\n\t\t\t\t\t\t\t<p><b>Valore del progetto:<\/b><br \/>Il valore totale del progetto \u00e8 PLN 479.718,50 (in lettere: quattrocentosettantanovemilasettecentodiciotto zloty 50\/100)<\/p><p><b>Contributo dei Fondi Europei:<\/b><br \/>Cofinanziamento del progetto che costituisce aiuto de minimis \u2013 PLN 329.077,50 (in lettere: trecentoventinovemilasettantasette zloty 50\/100)<\/p><p><b>Limite temporale per il completamento:<\/b><br \/>01\/11\/2022 &#8211; 31\/12\/2023<\/p>\t\t\t\t\t\t<\/div>\n\t\t\t\t<\/div>\n\t\t\t\t\t<\/div>\n\t\t<\/div>\n\t\t\t\t\t\t\t<\/div>\n\t\t<\/section>\n\t\t\t\t\t<\/div>\n\t\t<\/div>\n\t\t\t\t\t\t\t<\/div>\n\t\t<\/section>\n\t\t\t\t<section class=\"elementor-section elementor-top-section elementor-element elementor-element-e6b7255 elementor-section-boxed elementor-section-height-default elementor-section-height-default\" data-id=\"e6b7255\" data-element_type=\"section\">\n\t\t\t\t\t\t<div class=\"elementor-container elementor-column-gap-default\">\n\t\t\t\t\t<div class=\"elementor-column elementor-col-100 elementor-top-column elementor-element elementor-element-28d5a9f\" data-id=\"28d5a9f\" data-element_type=\"column\">\n\t\t\t<div class=\"elementor-widget-wrap elementor-element-populated\">\n\t\t\t\t\t\t\t\t<div class=\"elementor-element elementor-element-0d05d5e elementor-widget-divider--view-line elementor-widget elementor-widget-divider\" data-id=\"0d05d5e\" data-element_type=\"widget\" data-widget_type=\"divider.default\">\n\t\t\t\t<div class=\"elementor-widget-container\">\n\t\t\t<style>\/*! elementor - v3.5.3 - 28-12-2021 *\/\n.elementor-widget-divider{--divider-border-style:none;--divider-border-width:1px;--divider-color:#2c2c2c;--divider-icon-size:20px;--divider-element-spacing:10px;--divider-pattern-height:24px;--divider-pattern-size:20px;--divider-pattern-url:none;--divider-pattern-repeat:repeat-x}.elementor-widget-divider .elementor-divider{display:-webkit-box;display:-ms-flexbox;display:flex}.elementor-widget-divider .elementor-divider__text{font-size:15px;line-height:1;max-width:95%}.elementor-widget-divider .elementor-divider__element{margin:0 var(--divider-element-spacing);-ms-flex-negative:0;flex-shrink:0}.elementor-widget-divider .elementor-icon{font-size:var(--divider-icon-size)}.elementor-widget-divider .elementor-divider-separator{display:-webkit-box;display:-ms-flexbox;display:flex;margin:0;direction:ltr}.elementor-widget-divider--view-line_icon .elementor-divider-separator,.elementor-widget-divider--view-line_text .elementor-divider-separator{-webkit-box-align:center;-ms-flex-align:center;align-items:center}.elementor-widget-divider--view-line_icon .elementor-divider-separator:after,.elementor-widget-divider--view-line_icon .elementor-divider-separator:before,.elementor-widget-divider--view-line_text .elementor-divider-separator:after,.elementor-widget-divider--view-line_text .elementor-divider-separator:before{display:block;content:\"\";border-bottom:0;-webkit-box-flex:1;-ms-flex-positive:1;flex-grow:1;border-top:var(--divider-border-width) var(--divider-border-style) var(--divider-color)}.elementor-widget-divider--element-align-left .elementor-divider .elementor-divider-separator>.elementor-divider__svg:first-of-type{-webkit-box-flex:0;-ms-flex-positive:0;flex-grow:0;-ms-flex-negative:100;flex-shrink:100}.elementor-widget-divider--element-align-left .elementor-divider-separator:before{content:none}.elementor-widget-divider--element-align-left .elementor-divider__element{margin-left:0}.elementor-widget-divider--element-align-right .elementor-divider .elementor-divider-separator>.elementor-divider__svg:last-of-type{-webkit-box-flex:0;-ms-flex-positive:0;flex-grow:0;-ms-flex-negative:100;flex-shrink:100}.elementor-widget-divider--element-align-right .elementor-divider-separator:after{content:none}.elementor-widget-divider--element-align-right .elementor-divider__element{margin-right:0}.elementor-widget-divider:not(.elementor-widget-divider--view-line_text):not(.elementor-widget-divider--view-line_icon) .elementor-divider-separator{border-top:var(--divider-border-width) var(--divider-border-style) var(--divider-color)}.elementor-widget-divider--separator-type-pattern{--divider-border-style:none}.elementor-widget-divider--separator-type-pattern.elementor-widget-divider--view-line .elementor-divider-separator,.elementor-widget-divider--separator-type-pattern:not(.elementor-widget-divider--view-line) .elementor-divider-separator:after,.elementor-widget-divider--separator-type-pattern:not(.elementor-widget-divider--view-line) .elementor-divider-separator:before,.elementor-widget-divider--separator-type-pattern:not([class*=elementor-widget-divider--view]) .elementor-divider-separator{width:100%;min-height:var(--divider-pattern-height);-webkit-mask-size:var(--divider-pattern-size) 100%;mask-size:var(--divider-pattern-size) 100%;-webkit-mask-repeat:var(--divider-pattern-repeat);mask-repeat:var(--divider-pattern-repeat);background-color:var(--divider-color);-webkit-mask-image:var(--divider-pattern-url);mask-image:var(--divider-pattern-url)}.elementor-widget-divider--no-spacing{--divider-pattern-size:auto}.elementor-widget-divider--bg-round{--divider-pattern-repeat:round}.rtl .elementor-widget-divider .elementor-divider__text{direction:rtl}<\/style>\t\t<div class=\"elementor-divider\">\n\t\t\t<span class=\"elementor-divider-separator\">\n\t\t\t\t\t\t<\/span>\n\t\t<\/div>\n\t\t\t\t<\/div>\n\t\t\t\t<\/div>\n\t\t\t\t\t<\/div>\n\t\t<\/div>\n\t\t\t\t\t\t\t<\/div>\n\t\t<\/section>\n\t\t\t\t<section class=\"elementor-section elementor-top-section elementor-element elementor-element-e132aa3 elementor-section-boxed elementor-section-height-default elementor-section-height-default\" data-id=\"e132aa3\" data-element_type=\"section\">\n\t\t\t\t\t\t<div class=\"elementor-container elementor-column-gap-default\">\n\t\t\t\t\t<div class=\"elementor-column elementor-col-50 elementor-top-column elementor-element elementor-element-2e9d424\" data-id=\"2e9d424\" data-element_type=\"column\">\n\t\t\t<div class=\"elementor-widget-wrap elementor-element-populated\">\n\t\t\t\t\t\t\t\t<div class=\"elementor-element elementor-element-28a5f42 elementor-widget elementor-widget-image\" data-id=\"28a5f42\" data-element_type=\"widget\" data-widget_type=\"image.default\">\n\t\t\t\t<div class=\"elementor-widget-container\">\n\t\t\t<style>\/*! elementor - v3.5.3 - 28-12-2021 *\/\n.elementor-widget-image{text-align:center}.elementor-widget-image a{display:inline-block}.elementor-widget-image a img[src$=\".svg\"]{width:48px}.elementor-widget-image img{vertical-align:middle;display:inline-block}<\/style>\t\t\t\t\t\t\t\t\t\t\t\t<img decoding=\"async\" width=\"800\" height=\"530\" src=\"https:\/\/cezalex.eu\/wp-content\/uploads\/2022\/02\/AdobeStock_100121904-1024x678.jpeg\" class=\"attachment-large size-large\" alt=\"\" loading=\"lazy\" srcset=\"https:\/\/cezalex.eu\/wp-content\/uploads\/2022\/02\/AdobeStock_100121904-1024x678.jpeg 1024w, https:\/\/cezalex.eu\/wp-content\/uploads\/2022\/02\/AdobeStock_100121904-300x199.jpeg 300w, https:\/\/cezalex.eu\/wp-content\/uploads\/2022\/02\/AdobeStock_100121904-768x509.jpeg 768w, https:\/\/cezalex.eu\/wp-content\/uploads\/2022\/02\/AdobeStock_100121904-1536x1017.jpeg 1536w, https:\/\/cezalex.eu\/wp-content\/uploads\/2022\/02\/AdobeStock_100121904-2048x1356.jpeg 2048w\" sizes=\"(max-width: 800px) 100vw, 800px\" \/>\t\t\t\t\t\t\t\t\t\t\t\t\t\t\t<\/div>\n\t\t\t\t<\/div>\n\t\t\t\t\t<\/div>\n\t\t<\/div>\n\t\t\t\t<div class=\"elementor-column elementor-col-50 elementor-top-column elementor-element elementor-element-1cfa55a\" data-id=\"1cfa55a\" data-element_type=\"column\">\n\t\t\t<div class=\"elementor-widget-wrap elementor-element-populated\">\n\t\t\t\t\t\t\t\t<div class=\"elementor-element elementor-element-e440895 elementor-widget elementor-widget-text-editor\" data-id=\"e440895\" data-element_type=\"widget\" data-widget_type=\"text-editor.default\">\n\t\t\t\t<div class=\"elementor-widget-container\">\n\t\t\t\t\t\t\t<p><span style=\"color: #444444; font-family: Trebuchet MS, sans-serif;\"><span style=\"font-size: 12.6667px;\"><b>L&#8217;azienda Przedsi\u0119biorstwo Wielobran\u017cowe CEZALEX Cezary Mierzejewski \u00e8 entrata nei mercati esteri di Italia e Gran Bretagna con un prodotto sotto forma di cippato dedicato all&#8217;industria del mobile, dell&#8217;edilizia, della carta, del giardinaggio, dell&#8217;agricoltura, dell&#8217;energia e degli animali domestici.<\/b><\/span><\/span><\/p><p><span style=\"color: #444444; font-family: Trebuchet MS, sans-serif;\"><span style=\"font-size: 12.6667px;\">\u00a0Obiettivo ed effetto previsto del progetto:<\/span><\/span><\/p><p><span style=\"color: #444444; font-family: Trebuchet MS, sans-serif;\"><span style=\"font-size: 12.6667px;\">L\u2019azienda si aspetta che a seguito dell\u2019internazionalizzazione:<\/span><\/span><\/p><p><span style=\"color: #444444; font-family: Trebuchet MS, sans-serif;\"><span style=\"font-size: 12.6667px;\">a) acquisir\u00e0 nuovi mercati esteri come Gran Bretagna e Italia;<\/span><\/span><\/p><p><span style=\"color: #444444; font-family: Trebuchet MS, sans-serif;\"><span style=\"font-size: 12.6667px;\">b) aumenter\u00e0 i ricavi almeno del 40% entro la fine del 2023;<\/span><\/span><\/p><p><span style=\"color: #444444; font-family: Trebuchet MS, sans-serif;\"><span style=\"font-size: 12.6667px;\">c) svilupper\u00e0 la propria attivit\u00e0 grazie alle nuove esperienze acquisite attraverso la cooperazione economica internazionale;<\/span><\/span><\/p><p><span style=\"color: #444444; font-family: Trebuchet MS, sans-serif;\"><span style=\"font-size: 12.6667px;\">d) otterr\u00e0 un aumento dei ricavi, che a sua volta consentir\u00e0 nuovi investimenti in infrastrutture e un ulteriore sviluppo del potenziale produttivo e di servizio;<\/span><\/span><\/p><p><span style=\"color: #444444; font-family: Trebuchet MS, sans-serif;\"><span style=\"font-size: 12.6667px;\">e) stabilire nuovi contatti internazionali, che consentiranno un&#8217;ulteriore espansione estera in nuovi mercati<\/span><\/span><\/p>\t\t\t\t\t\t<\/div>\n\t\t\t\t<\/div>\n\t\t\t\t\t<\/div>\n\t\t<\/div>\n\t\t\t\t\t\t\t<\/div>\n\t\t<\/section>\n\t\t\t\t<section class=\"elementor-section elementor-top-section elementor-element elementor-element-1fb71da elementor-section-boxed elementor-section-height-default elementor-section-height-default\" data-id=\"1fb71da\" data-element_type=\"section\">\n\t\t\t\t\t\t<div class=\"elementor-container elementor-column-gap-default\">\n\t\t\t\t\t<div class=\"elementor-column elementor-col-100 elementor-top-column elementor-element elementor-element-24b2013\" data-id=\"24b2013\" data-element_type=\"column\">\n\t\t\t<div class=\"elementor-widget-wrap elementor-element-populated\">\n\t\t\t\t\t\t\t\t<section class=\"elementor-section elementor-inner-section elementor-element elementor-element-ed0f3da elementor-section-boxed elementor-section-height-default elementor-section-height-default\" data-id=\"ed0f3da\" data-element_type=\"section\">\n\t\t\t\t\t\t<div class=\"elementor-container elementor-column-gap-default\">\n\t\t\t\t\t<div class=\"elementor-column elementor-col-50 elementor-inner-column elementor-element elementor-element-e932664\" data-id=\"e932664\" data-element_type=\"column\">\n\t\t\t<div class=\"elementor-widget-wrap elementor-element-populated\">\n\t\t\t\t\t\t\t\t<div class=\"elementor-element elementor-element-21fc994 elementor-widget elementor-widget-text-editor\" data-id=\"21fc994\" data-element_type=\"widget\" data-widget_type=\"text-editor.default\">\n\t\t\t\t<div class=\"elementor-widget-container\">\n\t\t\t\t\t\t\t<p><span style=\"color: #444444; font-family: Trebuchet MS, sans-serif;\"><span style=\"font-size: 12.6667px;\">Effetti misurabili dell\u2019attuazione del progetto:<\/span><\/span><\/p><p><span style=\"color: #444444; font-family: Trebuchet MS, sans-serif;\"><span style=\"font-size: 12.6667px;\"><b>&#8211; Numero di modelli di business per l&#8217;internazionalizzazione preparati per l&#8217;implementazione \u2013 1;<\/b><\/span><\/span><\/p><p><span style=\"color: #444444; font-family: Trebuchet MS, sans-serif;\"><span style=\"font-size: 12.6667px;\"><b>&#8211; Numero di nuovi mercati (paesi) in cui il richiedente \u00e8 pronto per iniziare a vendere prodotti &#8211; 2;<\/b><\/span><\/span><\/p><p><span style=\"color: #444444; font-family: Trebuchet MS, sans-serif;\"><span style=\"font-size: 12.6667px;\"><b>&#8211; Numero di canali di servizi di processi aziendali organizzati che saranno implementati sui mercati target \u2013 5.<\/b><\/span><\/span><\/p>\t\t\t\t\t\t<\/div>\n\t\t\t\t<\/div>\n\t\t\t\t\t<\/div>\n\t\t<\/div>\n\t\t\t\t<div class=\"elementor-column elementor-col-50 elementor-inner-column elementor-element elementor-element-f87c25f\" data-id=\"f87c25f\" data-element_type=\"column\">\n\t\t\t<div class=\"elementor-widget-wrap elementor-element-populated\">\n\t\t\t\t\t\t\t\t<div class=\"elementor-element elementor-element-68f5d7b elementor-widget elementor-widget-text-editor\" data-id=\"68f5d7b\" data-element_type=\"widget\" data-widget_type=\"text-editor.default\">\n\t\t\t\t<div class=\"elementor-widget-container\">\n\t\t\t\t\t\t\t<p><span style=\"color: #444444; font-family: Trebuchet MS, sans-serif;\"><span style=\"font-size: 12.6667px;\"><b>Valore del progetto:<\/b><\/span><\/span><\/p><p><span style=\"color: #444444; font-family: Trebuchet MS, sans-serif;\"><span style=\"font-size: 12.6667px;\"><b>Il valore totale del progetto \u00e8 di 616.038,12 PLN (in lettere: seicentosedicimilatrentotto zloty 12\/100)<\/b><\/span><\/span><\/p><p><span style=\"color: #444444; font-family: Trebuchet MS, sans-serif;\"><span style=\"font-size: 12.6667px;\">Contributo dei Fondi Europei:<\/span><\/span><\/p><p><span style=\"color: #444444; font-family: Trebuchet MS, sans-serif;\"><span style=\"font-size: 12.6667px;\">Cofinanziamento del progetto che costituisce aiuto de minimis &#8211; PLN 425.717,40 (in lettere: quattrocentoventicinquemilasettecentodiciassette zloty 40\/100)<\/span><\/span><\/p><p><span style=\"color: #444444; font-family: Trebuchet MS, sans-serif;\"><span style=\"font-size: 12.6667px;\">Limite temporale per il completamento:<\/span><\/span><\/p><p><span style=\"color: #444444; font-family: Trebuchet MS, sans-serif;\"><span style=\"font-size: 12.6667px;\">01\/01\/2021 \u2013 31\/03\/2022<\/span><\/span><\/p>\t\t\t\t\t\t<\/div>\n\t\t\t\t<\/div>\n\t\t\t\t\t<\/div>\n\t\t<\/div>\n\t\t\t\t\t\t\t<\/div>\n\t\t<\/section>\n\t\t\t\t\t<\/div>\n\t\t<\/div>\n\t\t\t\t\t\t\t<\/div>\n\t\t<\/section>\n\t\t\t\t\t\t<\/div>\n\t\t\t\t\t<\/div>\n\t\t","protected":false},"excerpt":{"rendered":"<p>Titolo del progetto:Przedsi\u0119biorstwo Wielobran\u017cowe CEZALEX Cezary Mierzejewski \u00e8 entrato nei mercati esteri di Germania e Francia con un prodotto sotto forma di lamelle di legno dedicato all&#8217;industria del mobile, dell&#8217;edilizia e dell&#8217;interior design.Obiettivo ed effetto previsto del progetto:L\u2019azienda si aspetta che a seguito dell\u2019internazionalizzazione: 1. Acquisire nuovi mercati esteri come Germania e Francia;2. Aumento dei [&hellip;]<\/p>\n","protected":false},"author":3,"featured_media":0,"parent":0,"menu_order":0,"comment_status":"closed","ping_status":"closed","template":"elementor_header_footer","meta":[],"_links":{"self":[{"href":"https:\/\/cezalex.eu\/it\/wp-json\/wp\/v2\/pages\/696"}],"collection":[{"href":"https:\/\/cezalex.eu\/it\/wp-json\/wp\/v2\/pages"}],"about":[{"href":"https:\/\/cezalex.eu\/it\/wp-json\/wp\/v2\/types\/page"}],"author":[{"embeddable":true,"href":"https:\/\/cezalex.eu\/it\/wp-json\/wp\/v2\/users\/3"}],"replies":[{"embeddable":true,"href":"https:\/\/cezalex.eu\/it\/wp-json\/wp\/v2\/comments?post=696"}],"version-history":[{"count":14,"href":"https:\/\/cezalex.eu\/it\/wp-json\/wp\/v2\/pages\/696\/revisions"}],"predecessor-version":[{"id":1312,"href":"https:\/\/cezalex.eu\/it\/wp-json\/wp\/v2\/pages\/696\/revisions\/1312"}],"wp:attachment":[{"href":"https:\/\/cezalex.eu\/it\/wp-json\/wp\/v2\/media?parent=696"}],"curies":[{"name":"wp","href":"https:\/\/api.w.org\/{rel}","templated":true}]}}